{"id":176,"date":"2017-03-10T12:19:31","date_gmt":"2017-03-10T11:19:31","guid":{"rendered":"https:\/\/www.echappetoisitupeux.com\/loie\/?page_id=176"},"modified":"2026-02-23T13:25:17","modified_gmt":"2026-02-23T12:25:17","slug":"mission-rio","status":"publish","type":"page","link":"https:\/\/www.echappetoisitupeux.com\/essartsenbocage\/mission-rio\/","title":{"rendered":"Mission : En Danger \u00e0 Rio"},"content":{"rendered":"<p><div class=\"fusion-fullwidth fullwidth-box fusion-builder-row-1 fusion-flex-container has-pattern-background has-mask-background nonhundred-percent-fullwidth non-hundred-percent-height-scrolling breadcrumbs\" style=\"--awb-border-radius-top-left:0px;--awb-border-radius-top-right:0px;--awb-border-radius-bottom-right:0px;--awb-border-radius-bottom-left:0px;--awb-padding-top:5px;--awb-padding-bottom:0px;--awb-margin-top:0px;--awb-margin-bottom:50px;--awb-background-color:#fafafa;--awb-flex-wrap:wrap;\" ><div class=\"fusion-builder-row fusion-row fusion-flex-align-items-flex-start fusion-flex-content-wrap\" style=\"max-width:1248px;margin-left: calc(-4% \/ 2 );margin-right: calc(-4% \/ 2 );\"><div class=\"fusion-layout-column fusion_builder_column fusion-builder-column-0 fusion_builder_column_1_1 1_1 fusion-flex-column\" style=\"--awb-bg-size:cover;--awb-width-large:100%;--awb-margin-top-large:0px;--awb-spacing-right-large:1.92%;--awb-margin-bottom-large:0px;--awb-spacing-left-large:1.92%;--awb-width-medium:100%;--awb-order-medium:0;--awb-spacing-right-medium:1.92%;--awb-spacing-left-medium:1.92%;--awb-width-small:100%;--awb-order-small:0;--awb-spacing-right-small:1.92%;--awb-spacing-left-small:1.92%;\"><div class=\"fusion-column-wrapper fusion-column-has-shadow fusion-flex-justify-content-flex-start fusion-content-layout-column\"><div class=\"fusion-text fusion-text-1\"><span><span><a href=\"https:\/\/www.echappetoisitupeux.com\/essartsenbocage\/\">Escape Game Essarts-en-Bocage<\/a><\/span><\/span>\n<\/div><\/div><\/div><\/div><\/div><div class=\"fusion-fullwidth fullwidth-box fusion-builder-row-2 fusion-flex-container nonhundred-percent-fullwidth non-hundred-percent-height-scrolling\" style=\"--awb-border-radius-top-left:0px;--awb-border-radius-top-right:0px;--awb-border-radius-bottom-right:0px;--awb-border-radius-bottom-left:0px;--awb-flex-wrap:wrap;\" ><div class=\"fusion-builder-row fusion-row fusion-flex-align-items-flex-start fusion-flex-content-wrap\" style=\"max-width:1248px;margin-left: calc(-4% \/ 2 );margin-right: calc(-4% \/ 2 );\"><div class=\"fusion-layout-column fusion_builder_column fusion-builder-column-1 fusion_builder_column_1_1 1_1 fusion-flex-column\" style=\"--awb-bg-size:cover;--awb-width-large:100%;--awb-margin-top-large:0px;--awb-spacing-right-large:1.92%;--awb-margin-bottom-large:0px;--awb-spacing-left-large:1.92%;--awb-width-medium:100%;--awb-spacing-right-medium:1.92%;--awb-spacing-left-medium:1.92%;--awb-width-small:100%;--awb-spacing-right-small:1.92%;--awb-spacing-left-small:1.92%;\"><div class=\"fusion-column-wrapper fusion-flex-justify-content-flex-start fusion-content-layout-column\"><div class=\"fusion-text fusion-text-2\"><p>Dur\u00e9e : <strong>60 minutes<\/strong> \u2022 \u00c2ge conseill\u00e9 : <strong>\u00e0 partir de 10 ans accompagn\u00e9 d&rsquo;un adulte<\/strong> \u2022 Participants : <strong>2 \u00e0 6 personnes (1 <i class=\"fa fa-wheelchair\"><\/i>)<\/strong> \u2022 Langues : \ud83c\uddeb\ud83c\uddf7\u00a0<strong>Fran\u00e7ais<\/strong>, \ud83c\uddec\ud83c\udde7\u00a0<strong>Anglais<\/strong> \u2022 Cr\u00e9ation : <strong>\u00c9chappe Toi Si Tu Peux<sup>\u00ae<\/sup><\/strong><\/p>\n<p>Taux de r\u00e9ussite :<\/p>\n<\/div><div class=\"fusion-progressbar\" style=\"--awb-text-align:right;--awb-filledcolor:#faa732;--awb-maximum-value-wrapper-width:50%;\"><div class=\"fusion-progressbar-bar progress-bar\"><div class=\"progress progress-bar-content not-animated\" role=\"progressbar\" aria-labelledby=\"awb-progressbar-label-1\" aria-valuemin=\"0\" aria-valuemax=\"100\" aria-valuenow=\"50\" data-filling-speed=\"600\"><span class=\"progress-title awb-on-bar\"><span class=\"fusion-progressbar-text\" id=\"awb-progressbar-label-1\">50%<\/span><\/span><\/div><span class=\"awb-pb-max-value-wrap awb-on-bar\"><span class=\"awb-pb-max-value-text\"><\/span><\/span><\/div><\/div><div class=\"fusion-reading-box-container reading-box-container-1\" style=\"--awb-title-color:var(--awb-custom_color_5);--awb-margin-top:0px;--awb-margin-bottom:20px;\"><div class=\"reading-box\" style=\"background-color:#ffffe0;border-width:1px;border-color:rgba(226,226,226,0);border-style:solid;\"><div class=\"reading-box-additional\">\n<p>Vous avez \u00e9t\u00e9 captur\u00e9 \u00e0 la suite de votre enqu\u00eate sur un important r\u00e9seau de trafic de drogue.<br \/>\nComment allez-vous sortir de ce gu\u00eapier ?<\/p>\n<p>Le compte \u00e0 rebours est lanc\u00e9, c\u2019est votre peau que vous jouez sur ce coup l\u00e0.<\/p>\n<\/div><div class=\"fusion-clearfix\"><\/div><\/div><svg style=\"opacity:0.7;\" xmlns=\"http:\/\/www.w3.org\/2000\/svg\" version=\"1.1\" width=\"100%\" viewBox=\"0 0 600 28\" preserveAspectRatio=\"none\"><g clip-path=\"url(#a)\"><mask id=\"b\" style=\"mask-type:luminance\" maskUnits=\"userSpaceOnUse\" x=\"0\" y=\"0\" width=\"600\" height=\"28\"><path d=\"M0 0h600v28H0V0Z\" fill=\"#fff\"\/><\/mask><g filter=\"url(#c)\" mask=\"url(#b)\"><path d=\"M16.439-18.667h567.123v30.8S438.961-8.4 300-8.4C161.04-8.4 16.438 12.133 16.438 12.133v-30.8Z\" fill=\"#000\"\/><\/g><\/g><defs><clipPath id=\"a\"><path fill=\"#fff\" d=\"M0 0h600v28H0z\"\/><\/clipPath><filter id=\"c\" x=\"5.438\" y=\"-29.667\" width=\"589.123\" height=\"52.8\" filterUnits=\"userSpaceOnUse\" color-interpolation-filters=\"sRGB\"><feFlood flood-opacity=\"0\" result=\"BackgroundImageFix\"\/><feBlend in=\"SourceGraphic\" in2=\"BackgroundImageFix\" result=\"shape\"\/><feGaussianBlur stdDeviation=\"5.5\" result=\"effect1_foregroundBlur_3983_183\"\/><\/filter><\/defs><\/svg><\/div><\/div><\/div><div class=\"fusion-layout-column fusion_builder_column fusion-builder-column-2 fusion_builder_column_1_2 1_2 fusion-flex-column\" style=\"--awb-bg-size:cover;--awb-width-large:50%;--awb-margin-top-large:25px;--awb-spacing-right-large:3.84%;--awb-margin-bottom-large:25px;--awb-spacing-left-large:3.84%;--awb-width-medium:100%;--awb-order-medium:0;--awb-spacing-right-medium:1.92%;--awb-spacing-left-medium:1.92%;--awb-width-small:100%;--awb-order-small:0;--awb-spacing-right-small:1.92%;--awb-spacing-left-small:1.92%;\"><div class=\"fusion-column-wrapper fusion-column-has-shadow fusion-flex-justify-content-flex-start fusion-content-layout-column\"><div style=\"position:relative;height:0;padding-bottom:56.25%\"><iframe src=\"https:\/\/www.youtube-nocookie.com\/embed\/drS8L_Whiys?ecver=2&color=white&rel=0&showinfo=0\" width=\"640\" height=\"360\" frameborder=\"0\" style=\"position:absolute;width:100%;height:116%;left:0\" allowfullscreen><\/iframe><\/div><\/div><\/div><div class=\"fusion-layout-column fusion_builder_column fusion-builder-column-3 fusion_builder_column_1_2 1_2 fusion-flex-column\" style=\"--awb-bg-size:cover;--awb-width-large:50%;--awb-margin-top-large:25px;--awb-spacing-right-large:3.84%;--awb-margin-bottom-large:25px;--awb-spacing-left-large:3.84%;--awb-width-medium:100%;--awb-order-medium:0;--awb-spacing-right-medium:1.92%;--awb-spacing-left-medium:1.92%;--awb-width-small:100%;--awb-order-small:0;--awb-spacing-right-small:1.92%;--awb-spacing-left-small:1.92%;\"><div class=\"fusion-column-wrapper fusion-column-has-shadow fusion-flex-justify-content-flex-start fusion-content-layout-column\"><div class=\"awb-gallery-wrapper awb-gallery-wrapper-1 button-span-no\" style=\"--more-btn-alignment:center;\" data-limit=\"10\" data-page=\"1\"><div style=\"margin:-10px;--awb-bordersize:0px;\" class=\"fusion-gallery fusion-gallery-container fusion-grid-2 fusion-columns-total-4 fusion-gallery-layout-grid fusion-gallery-1\"><div style=\"padding:10px;\" class=\"fusion-grid-column fusion-gallery-column fusion-gallery-column-2\"><div class=\"fusion-gallery-image fusion-gallery-image-liftup\"><a href=\"https:\/\/www.echappetoisitupeux.com\/essartsenbocage\/wp-content\/uploads\/sites\/2\/2023\/02\/salle-rio08-scaled.jpg\" rel=\"noreferrer\" data-rel=\"iLightbox[gallery_image_1]\" class=\"fusion-lightbox\" target=\"_self\"><img decoding=\"async\" src=\"https:\/\/www.echappetoisitupeux.com\/essartsenbocage\/wp-content\/uploads\/sites\/2\/2023\/02\/salle-rio08-460x295.jpg\" width=\"460\" height=\"295\" alt=\"En Danger \u00e0 Rio (1\/4)\" title=\"En Danger \u00e0 Rio (1\/4)\" aria-label=\"En Danger \u00e0 Rio (1\/4)\" class=\"img-responsive wp-image-5285 fusion-gallery-image-size-fixed\"  \/><\/a><\/div><\/div><div style=\"padding:10px;\" class=\"fusion-grid-column fusion-gallery-column fusion-gallery-column-2\"><div class=\"fusion-gallery-image fusion-gallery-image-liftup\"><a href=\"https:\/\/www.echappetoisitupeux.com\/essartsenbocage\/wp-content\/uploads\/sites\/2\/2023\/02\/salle-rio07-scaled.jpg\" rel=\"noreferrer\" data-rel=\"iLightbox[gallery_image_1]\" class=\"fusion-lightbox\" target=\"_self\"><img decoding=\"async\" src=\"https:\/\/www.echappetoisitupeux.com\/essartsenbocage\/wp-content\/uploads\/sites\/2\/2023\/02\/salle-rio07-460x295.jpg\" width=\"460\" height=\"295\" alt=\"En Danger \u00e0 Rio (2\/4)\" title=\"En Danger \u00e0 Rio (2\/4)\" aria-label=\"En Danger \u00e0 Rio (2\/4)\" class=\"img-responsive wp-image-5288 fusion-gallery-image-size-fixed\"  \/><\/a><\/div><\/div><div class=\"clearfix\"><\/div><div style=\"padding:10px;\" class=\"fusion-grid-column fusion-gallery-column fusion-gallery-column-2\"><div class=\"fusion-gallery-image fusion-gallery-image-liftup\"><a href=\"https:\/\/www.echappetoisitupeux.com\/essartsenbocage\/wp-content\/uploads\/sites\/2\/2023\/02\/salle-rio06-scaled.jpg\" rel=\"noreferrer\" data-rel=\"iLightbox[gallery_image_1]\" class=\"fusion-lightbox\" target=\"_self\"><img decoding=\"async\" src=\"https:\/\/www.echappetoisitupeux.com\/essartsenbocage\/wp-content\/uploads\/sites\/2\/2023\/02\/salle-rio06-460x295.jpg\" width=\"460\" height=\"295\" alt=\"En Danger \u00e0 Rio (3\/4)\" title=\"En Danger \u00e0 Rio (3\/4)\" aria-label=\"En Danger \u00e0 Rio (3\/4)\" class=\"img-responsive wp-image-5287 fusion-gallery-image-size-fixed\"  \/><\/a><\/div><\/div><div style=\"padding:10px;\" class=\"fusion-grid-column fusion-gallery-column fusion-gallery-column-2\"><div class=\"fusion-gallery-image fusion-gallery-image-liftup\"><a href=\"https:\/\/www.echappetoisitupeux.com\/essartsenbocage\/wp-content\/uploads\/sites\/2\/2023\/02\/salle-rio05-scaled.jpg\" rel=\"noreferrer\" data-rel=\"iLightbox[gallery_image_1]\" class=\"fusion-lightbox\" target=\"_self\"><img decoding=\"async\" src=\"https:\/\/www.echappetoisitupeux.com\/essartsenbocage\/wp-content\/uploads\/sites\/2\/2023\/02\/salle-rio05-460x295.jpg\" width=\"460\" height=\"295\" alt=\"\" title=\"salle-rio05\" aria-label=\"salle-rio05\" class=\"img-responsive wp-image-5289 fusion-gallery-image-size-fixed\"  \/><\/a><\/div><\/div><div class=\"clearfix\"><\/div><\/div><\/div><\/div><\/div><div class=\"fusion-layout-column fusion_builder_column fusion-builder-column-4 fusion_builder_column_1_2 1_2 fusion-flex-column\" style=\"--awb-bg-size:cover;--awb-width-large:50%;--awb-margin-top-large:20px;--awb-spacing-right-large:3.84%;--awb-margin-bottom-large:25px;--awb-spacing-left-large:3.84%;--awb-width-medium:100%;--awb-order-medium:0;--awb-spacing-right-medium:1.92%;--awb-spacing-left-medium:1.92%;--awb-width-small:100%;--awb-order-small:0;--awb-spacing-right-small:1.92%;--awb-spacing-left-small:1.92%;\"><div class=\"fusion-column-wrapper fusion-column-has-shadow fusion-flex-justify-content-flex-start fusion-content-layout-column\"><div style=\"text-align:left;\"><a class=\"fusion-button button-flat fusion-button-default-size button-default fusion-button-default button-1 fusion-button-default-span fusion-button-default-type\" style=\"--button_text_transform:uppercase;\" target=\"_self\" href=\"https:\/\/www.echappetoisitupeux.com\/essartsenbocage\/mission-watts\/\"><span class=\"fusion-button-text awb-button__text awb-button__text--default\">&lt; Mission pr\u00e9c\u00e9dente<\/span><\/a><\/div><\/div><\/div><div class=\"fusion-layout-column fusion_builder_column fusion-builder-column-5 fusion_builder_column_1_2 1_2 fusion-flex-column\" style=\"--awb-bg-size:cover;--awb-width-large:50%;--awb-margin-top-large:25px;--awb-spacing-right-large:3.84%;--awb-margin-bottom-large:25px;--awb-spacing-left-large:3.84%;--awb-width-medium:100%;--awb-order-medium:0;--awb-spacing-right-medium:1.92%;--awb-spacing-left-medium:1.92%;--awb-width-small:100%;--awb-order-small:0;--awb-spacing-right-small:1.92%;--awb-spacing-left-small:1.92%;\"><div class=\"fusion-column-wrapper fusion-column-has-shadow fusion-flex-justify-content-flex-start fusion-content-layout-column\"><\/div><\/div><\/div><\/div><\/p>\n","protected":false},"excerpt":{"rendered":"","protected":false},"author":1,"featured_media":0,"parent":0,"menu_order":5,"comment_status":"closed","ping_status":"closed","template":"100-width.php","meta":{"footnotes":""},"class_list":["post-176","page","type-page","status-publish","hentry"],"yoast_head":"<!-- This site is optimized with the Yoast SEO plugin v27.3 - https:\/\/yoast.com\/product\/yoast-seo-wordpress\/ -->\n<title>Mission : En Danger \u00e0 Rio &#8226; \u00c9chappe Toi Si Tu Peux, Escape Game aux Essarts-en-Bocage en Vend\u00e9e<\/title>\n<meta name=\"description\" content=\"\u00c9chappe Toi Si Tu Peux vous propose pour cette mission un voyage \u00e0 Rio pour ainsi vous immerger dans une favelas, attention au danger !\" \/>\n<meta name=\"robots\" content=\"index, follow, max-snippet:-1, max-image-preview:large, max-video-preview:-1\" \/>\n<link rel=\"canonical\" href=\"https:\/\/www.echappetoisitupeux.com\/essartsenbocage\/mission-rio\/\" \/>\n<meta property=\"og:locale\" content=\"fr_FR\" \/>\n<meta property=\"og:type\" content=\"article\" \/>\n<meta property=\"og:title\" content=\"Mission : En Danger \u00e0 Rio &#8226; \u00c9chappe Toi Si Tu Peux, Escape Game aux Essarts-en-Bocage en Vend\u00e9e\" \/>\n<meta property=\"og:description\" content=\"\u00c9chappe Toi Si Tu Peux vous propose pour cette mission un voyage \u00e0 Rio pour ainsi vous immerger dans une favelas, attention au danger !\" \/>\n<meta property=\"og:url\" content=\"https:\/\/www.echappetoisitupeux.com\/essartsenbocage\/mission-rio\/\" \/>\n<meta property=\"og:site_name\" content=\"\u00c9chappe Toi Si Tu Peux, Escape Game aux Essarts-en-Bocage en Vend\u00e9e\" \/>\n<meta property=\"article:publisher\" content=\"https:\/\/www.facebook.com\/echappetoisitupeux\" \/>\n<meta property=\"article:modified_time\" content=\"2026-02-23T12:25:17+00:00\" \/>\n<meta name=\"twitter:card\" content=\"summary_large_image\" \/>\n<meta name=\"twitter:label1\" content=\"Dur\u00e9e de lecture estim\u00e9e\" \/>\n\t<meta name=\"twitter:data1\" content=\"2 minutes\" \/>\n<script type=\"application\/ld+json\" class=\"yoast-schema-graph\">{\"@context\":\"https:\\\/\\\/schema.org\",\"@graph\":[{\"@type\":\"WebPage\",\"@id\":\"https:\\\/\\\/www.echappetoisitupeux.com\\\/essartsenbocage\\\/mission-rio\\\/\",\"url\":\"https:\\\/\\\/www.echappetoisitupeux.com\\\/essartsenbocage\\\/mission-rio\\\/\",\"name\":\"Mission : En Danger \u00e0 Rio &#8226; \u00c9chappe Toi Si Tu Peux, Escape Game aux Essarts-en-Bocage en Vend\u00e9e\",\"isPartOf\":{\"@id\":\"https:\\\/\\\/www.echappetoisitupeux.com\\\/essartsenbocage\\\/#website\"},\"datePublished\":\"2017-03-10T11:19:31+00:00\",\"dateModified\":\"2026-02-23T12:25:17+00:00\",\"description\":\"\u00c9chappe Toi Si Tu Peux vous propose pour cette mission un voyage \u00e0 Rio pour ainsi vous immerger dans une favelas, attention au danger !\",\"breadcrumb\":{\"@id\":\"https:\\\/\\\/www.echappetoisitupeux.com\\\/essartsenbocage\\\/mission-rio\\\/#breadcrumb\"},\"inLanguage\":\"fr-FR\",\"potentialAction\":[{\"@type\":\"ReadAction\",\"target\":[\"https:\\\/\\\/www.echappetoisitupeux.com\\\/essartsenbocage\\\/mission-rio\\\/\"]}]},{\"@type\":\"BreadcrumbList\",\"@id\":\"https:\\\/\\\/www.echappetoisitupeux.com\\\/essartsenbocage\\\/mission-rio\\\/#breadcrumb\",\"itemListElement\":[{\"@type\":\"ListItem\",\"position\":1,\"name\":\"Escape Game Essarts-en-Bocage\",\"item\":\"https:\\\/\\\/www.echappetoisitupeux.com\\\/essartsenbocage\\\/\"},{\"@type\":\"ListItem\",\"position\":2,\"name\":\"Mission : En Danger \u00e0 Rio\"}]},{\"@type\":\"WebSite\",\"@id\":\"https:\\\/\\\/www.echappetoisitupeux.com\\\/essartsenbocage\\\/#website\",\"url\":\"https:\\\/\\\/www.echappetoisitupeux.com\\\/essartsenbocage\\\/\",\"name\":\"\u00c9chappe Toi Si Tu Peux, Escape Game aux Essarts-en-Bocage en Vend\u00e9e\",\"description\":\"Oserez-vous l&#039;aventure ?\",\"publisher\":{\"@id\":\"https:\\\/\\\/www.echappetoisitupeux.com\\\/essartsenbocage\\\/#organization\"},\"potentialAction\":[{\"@type\":\"SearchAction\",\"target\":{\"@type\":\"EntryPoint\",\"urlTemplate\":\"https:\\\/\\\/www.echappetoisitupeux.com\\\/essartsenbocage\\\/?s={search_term_string}\"},\"query-input\":{\"@type\":\"PropertyValueSpecification\",\"valueRequired\":true,\"valueName\":\"search_term_string\"}}],\"inLanguage\":\"fr-FR\"},{\"@type\":\"Organization\",\"@id\":\"https:\\\/\\\/www.echappetoisitupeux.com\\\/essartsenbocage\\\/#organization\",\"name\":\"\u00c9chappe Toi Si Tu Peux, Escape Game aux Essarts-en-Bocage en Vend\u00e9e\",\"url\":\"https:\\\/\\\/www.echappetoisitupeux.com\\\/essartsenbocage\\\/\",\"logo\":{\"@type\":\"ImageObject\",\"inLanguage\":\"fr-FR\",\"@id\":\"https:\\\/\\\/www.echappetoisitupeux.com\\\/essartsenbocage\\\/#\\\/schema\\\/logo\\\/image\\\/\",\"url\":\"https:\\\/\\\/www.echappetoisitupeux.com\\\/essartsenbocage\\\/wp-content\\\/uploads\\\/sites\\\/2\\\/2020\\\/09\\\/logo_etstp_menu2020@2x.png\",\"contentUrl\":\"https:\\\/\\\/www.echappetoisitupeux.com\\\/essartsenbocage\\\/wp-content\\\/uploads\\\/sites\\\/2\\\/2020\\\/09\\\/logo_etstp_menu2020@2x.png\",\"width\":256,\"height\":312,\"caption\":\"\u00c9chappe Toi Si Tu Peux, Escape Game aux Essarts-en-Bocage en Vend\u00e9e\"},\"image\":{\"@id\":\"https:\\\/\\\/www.echappetoisitupeux.com\\\/essartsenbocage\\\/#\\\/schema\\\/logo\\\/image\\\/\"},\"sameAs\":[\"https:\\\/\\\/www.facebook.com\\\/echappetoisitupeux\",\"https:\\\/\\\/www.instagram.com\\\/echappetoisitupeux\\\/\",\"http:\\\/\\\/www.youtube.com\\\/channel\\\/UCmGmzdSBDtftaR0-meEcfmA\",\"https:\\\/\\\/www.tripadvisor.fr\\\/Attraction_Review-g1582585-d7942512-Reviews-Echappe_Toi_Si_Tu_Peux-L_Oie_Vendee_Pays_de_la_Loire.html\"]}]}<\/script>\n<!-- \/ Yoast SEO plugin. -->","yoast_head_json":{"title":"Mission : En Danger \u00e0 Rio &#8226; \u00c9chappe Toi Si Tu Peux, Escape Game aux Essarts-en-Bocage en Vend\u00e9e","description":"\u00c9chappe Toi Si Tu Peux vous propose pour cette mission un voyage \u00e0 Rio pour ainsi vous immerger dans une favelas, attention au danger !","robots":{"index":"index","follow":"follow","max-snippet":"max-snippet:-1","max-image-preview":"max-image-preview:large","max-video-preview":"max-video-preview:-1"},"canonical":"https:\/\/www.echappetoisitupeux.com\/essartsenbocage\/mission-rio\/","og_locale":"fr_FR","og_type":"article","og_title":"Mission : En Danger \u00e0 Rio &#8226; \u00c9chappe Toi Si Tu Peux, Escape Game aux Essarts-en-Bocage en Vend\u00e9e","og_description":"\u00c9chappe Toi Si Tu Peux vous propose pour cette mission un voyage \u00e0 Rio pour ainsi vous immerger dans une favelas, attention au danger !","og_url":"https:\/\/www.echappetoisitupeux.com\/essartsenbocage\/mission-rio\/","og_site_name":"\u00c9chappe Toi Si Tu Peux, Escape Game aux Essarts-en-Bocage en Vend\u00e9e","article_publisher":"https:\/\/www.facebook.com\/echappetoisitupeux","article_modified_time":"2026-02-23T12:25:17+00:00","twitter_card":"summary_large_image","twitter_misc":{"Dur\u00e9e de lecture estim\u00e9e":"2 minutes"},"schema":{"@context":"https:\/\/schema.org","@graph":[{"@type":"WebPage","@id":"https:\/\/www.echappetoisitupeux.com\/essartsenbocage\/mission-rio\/","url":"https:\/\/www.echappetoisitupeux.com\/essartsenbocage\/mission-rio\/","name":"Mission : En Danger \u00e0 Rio &#8226; \u00c9chappe Toi Si Tu Peux, Escape Game aux Essarts-en-Bocage en Vend\u00e9e","isPartOf":{"@id":"https:\/\/www.echappetoisitupeux.com\/essartsenbocage\/#website"},"datePublished":"2017-03-10T11:19:31+00:00","dateModified":"2026-02-23T12:25:17+00:00","description":"\u00c9chappe Toi Si Tu Peux vous propose pour cette mission un voyage \u00e0 Rio pour ainsi vous immerger dans une favelas, attention au danger !","breadcrumb":{"@id":"https:\/\/www.echappetoisitupeux.com\/essartsenbocage\/mission-rio\/#breadcrumb"},"inLanguage":"fr-FR","potentialAction":[{"@type":"ReadAction","target":["https:\/\/www.echappetoisitupeux.com\/essartsenbocage\/mission-rio\/"]}]},{"@type":"BreadcrumbList","@id":"https:\/\/www.echappetoisitupeux.com\/essartsenbocage\/mission-rio\/#breadcrumb","itemListElement":[{"@type":"ListItem","position":1,"name":"Escape Game Essarts-en-Bocage","item":"https:\/\/www.echappetoisitupeux.com\/essartsenbocage\/"},{"@type":"ListItem","position":2,"name":"Mission : En Danger \u00e0 Rio"}]},{"@type":"WebSite","@id":"https:\/\/www.echappetoisitupeux.com\/essartsenbocage\/#website","url":"https:\/\/www.echappetoisitupeux.com\/essartsenbocage\/","name":"\u00c9chappe Toi Si Tu Peux, Escape Game aux Essarts-en-Bocage en Vend\u00e9e","description":"Oserez-vous l&#039;aventure ?","publisher":{"@id":"https:\/\/www.echappetoisitupeux.com\/essartsenbocage\/#organization"},"potentialAction":[{"@type":"SearchAction","target":{"@type":"EntryPoint","urlTemplate":"https:\/\/www.echappetoisitupeux.com\/essartsenbocage\/?s={search_term_string}"},"query-input":{"@type":"PropertyValueSpecification","valueRequired":true,"valueName":"search_term_string"}}],"inLanguage":"fr-FR"},{"@type":"Organization","@id":"https:\/\/www.echappetoisitupeux.com\/essartsenbocage\/#organization","name":"\u00c9chappe Toi Si Tu Peux, Escape Game aux Essarts-en-Bocage en Vend\u00e9e","url":"https:\/\/www.echappetoisitupeux.com\/essartsenbocage\/","logo":{"@type":"ImageObject","inLanguage":"fr-FR","@id":"https:\/\/www.echappetoisitupeux.com\/essartsenbocage\/#\/schema\/logo\/image\/","url":"https:\/\/www.echappetoisitupeux.com\/essartsenbocage\/wp-content\/uploads\/sites\/2\/2020\/09\/logo_etstp_menu2020@2x.png","contentUrl":"https:\/\/www.echappetoisitupeux.com\/essartsenbocage\/wp-content\/uploads\/sites\/2\/2020\/09\/logo_etstp_menu2020@2x.png","width":256,"height":312,"caption":"\u00c9chappe Toi Si Tu Peux, Escape Game aux Essarts-en-Bocage en Vend\u00e9e"},"image":{"@id":"https:\/\/www.echappetoisitupeux.com\/essartsenbocage\/#\/schema\/logo\/image\/"},"sameAs":["https:\/\/www.facebook.com\/echappetoisitupeux","https:\/\/www.instagram.com\/echappetoisitupeux\/","http:\/\/www.youtube.com\/channel\/UCmGmzdSBDtftaR0-meEcfmA","https:\/\/www.tripadvisor.fr\/Attraction_Review-g1582585-d7942512-Reviews-Echappe_Toi_Si_Tu_Peux-L_Oie_Vendee_Pays_de_la_Loire.html"]}]}},"_links":{"self":[{"href":"https:\/\/www.echappetoisitupeux.com\/essartsenbocage\/wp-json\/wp\/v2\/pages\/176","targetHints":{"allow":["GET"]}}],"collection":[{"href":"https:\/\/www.echappetoisitupeux.com\/essartsenbocage\/wp-json\/wp\/v2\/pages"}],"about":[{"href":"https:\/\/www.echappetoisitupeux.com\/essartsenbocage\/wp-json\/wp\/v2\/types\/page"}],"author":[{"embeddable":true,"href":"https:\/\/www.echappetoisitupeux.com\/essartsenbocage\/wp-json\/wp\/v2\/users\/1"}],"replies":[{"embeddable":true,"href":"https:\/\/www.echappetoisitupeux.com\/essartsenbocage\/wp-json\/wp\/v2\/comments?post=176"}],"version-history":[{"count":4,"href":"https:\/\/www.echappetoisitupeux.com\/essartsenbocage\/wp-json\/wp\/v2\/pages\/176\/revisions"}],"predecessor-version":[{"id":5499,"href":"https:\/\/www.echappetoisitupeux.com\/essartsenbocage\/wp-json\/wp\/v2\/pages\/176\/revisions\/5499"}],"wp:attachment":[{"href":"https:\/\/www.echappetoisitupeux.com\/essartsenbocage\/wp-json\/wp\/v2\/media?parent=176"}],"curies":[{"name":"wp","href":"https:\/\/api.w.org\/{rel}","templated":true}]}}