{"id":1379,"date":"2021-05-01T14:50:32","date_gmt":"2021-05-01T12:50:32","guid":{"rendered":"https:\/\/odyssee.echappetoisitupeux.com\/?page_id=1379"},"modified":"2023-02-06T20:54:13","modified_gmt":"2023-02-06T19:54:13","slug":"jeu","status":"publish","type":"page","link":"https:\/\/www.echappetoisitupeux.com\/odyssee\/jeu\/","title":{"rendered":"Le jeu"},"content":{"rendered":"<p><div class=\"fusion-fullwidth fullwidth-box fusion-builder-row-1 fusion-flex-container has-pattern-background has-mask-background nonhundred-percent-fullwidth non-hundred-percent-height-scrolling breadcrumbs\" style=\"--awb-border-radius-top-left:0px;--awb-border-radius-top-right:0px;--awb-border-radius-bottom-right:0px;--awb-border-radius-bottom-left:0px;--awb-padding-top:5px;--awb-padding-bottom:0px;--awb-margin-top:0px;--awb-margin-bottom:50px;--awb-background-color:#fafafa;--awb-flex-wrap:wrap;\" ><div class=\"fusion-builder-row fusion-row fusion-flex-align-items-flex-start fusion-flex-content-wrap\" style=\"max-width:1248px;margin-left: calc(-4% \/ 2 );margin-right: calc(-4% \/ 2 );\"><div class=\"fusion-layout-column fusion_builder_column fusion-builder-column-0 fusion_builder_column_1_1 1_1 fusion-flex-column\" style=\"--awb-bg-size:cover;--awb-width-large:100%;--awb-margin-top-large:0px;--awb-spacing-right-large:1.92%;--awb-margin-bottom-large:0px;--awb-spacing-left-large:1.92%;--awb-width-medium:100%;--awb-order-medium:0;--awb-spacing-right-medium:1.92%;--awb-spacing-left-medium:1.92%;--awb-width-small:100%;--awb-order-small:0;--awb-spacing-right-small:1.92%;--awb-spacing-left-small:1.92%;\"><div class=\"fusion-column-wrapper fusion-column-has-shadow fusion-flex-justify-content-flex-start fusion-content-layout-column\"><div class=\"fusion-text fusion-text-1\"><span><span><a href=\"https:\/\/www.echappetoisitupeux.com\/odyssee\/\">Action Game L'Odyss\u00e9e<\/a><\/span><\/span>\n<\/div><\/div><\/div><\/div><\/div><div class=\"fusion-fullwidth fullwidth-box fusion-builder-row-2 fusion-flex-container has-pattern-background has-mask-background nonhundred-percent-fullwidth non-hundred-percent-height-scrolling\" style=\"--awb-border-radius-top-left:0px;--awb-border-radius-top-right:0px;--awb-border-radius-bottom-right:0px;--awb-border-radius-bottom-left:0px;--awb-flex-wrap:wrap;\" ><div class=\"fusion-builder-row fusion-row fusion-flex-align-items-flex-start fusion-flex-content-wrap\" style=\"max-width:1248px;margin-left: calc(-4% \/ 2 );margin-right: calc(-4% \/ 2 );\"><div class=\"fusion-layout-column fusion_builder_column fusion-builder-column-1 fusion_builder_column_1_2 1_2 fusion-flex-column\" style=\"--awb-bg-size:cover;--awb-width-large:50%;--awb-margin-top-large:25px;--awb-spacing-right-large:3.84%;--awb-margin-bottom-large:25px;--awb-spacing-left-large:3.84%;--awb-width-medium:100%;--awb-order-medium:0;--awb-spacing-right-medium:1.92%;--awb-spacing-left-medium:1.92%;--awb-width-small:100%;--awb-order-small:0;--awb-spacing-right-small:1.92%;--awb-spacing-left-small:1.92%;\"><div class=\"fusion-column-wrapper fusion-column-has-shadow fusion-flex-justify-content-flex-start fusion-content-layout-column\"><div class=\"fusion-text fusion-text-2\" style=\"--awb-content-alignment:justify;\"><p>L\u2019Odyss\u00e9e<sup>\u00ae<\/sup>\u00a0est un Action Game, un nouveau concept de loisir totalement imagin\u00e9 par l\u2019\u00e9quipe d\u2019\u00c9chappe Toi Si Tu Peux<sup>\u00ae<\/sup> et que vous ne retrouverez donc nulle part ailleurs.<\/p>\n<p>Vous avez 60 minutes pour valider le plus de salles possibles et ainsi cumuler le maximum de points.<\/p>\n<p>Vous pourrez vous d\u00e9fier avec vos amis ou coll\u00e8gues et voir en temps r\u00e9el l\u2019avanc\u00e9e de votre \u00e9quipe.<\/p>\n<p>On vous r\u00e9serve pour cela pleins de surprises mais regardez plut\u00f4t\u2026<\/p>\n<\/div><\/div><\/div><div class=\"fusion-layout-column fusion_builder_column fusion-builder-column-2 fusion_builder_column_1_2 1_2 fusion-flex-column\" style=\"--awb-bg-size:cover;--awb-width-large:50%;--awb-margin-top-large:25px;--awb-spacing-right-large:3.84%;--awb-margin-bottom-large:25px;--awb-spacing-left-large:3.84%;--awb-width-medium:100%;--awb-order-medium:0;--awb-spacing-right-medium:1.92%;--awb-spacing-left-medium:1.92%;--awb-width-small:100%;--awb-order-small:0;--awb-spacing-right-small:1.92%;--awb-spacing-left-small:1.92%;\"><div class=\"fusion-column-wrapper fusion-column-has-shadow fusion-flex-justify-content-flex-start fusion-content-layout-column\"><div class=\"pb-40\"><div style=\"position:relative;height:0;padding-bottom:56.25%\"><iframe src=\"https:\/\/www.youtube-nocookie.com\/embed\/pgfNEL5OAdY?ecver=2&color=white&rel=0&showinfo=0\" width=\"640\" height=\"360\" frameborder=\"0\" style=\"position:absolute;width:100%;height:100%;left:0\" allowfullscreen title=\"L'Odyss\u00e9e : Teaser 2021\"><\/iframe><\/div><\/div><\/div><\/div><\/div><\/div><\/p>\n","protected":false},"excerpt":{"rendered":"","protected":false},"author":1,"featured_media":0,"parent":0,"menu_order":2,"comment_status":"closed","ping_status":"closed","template":"100-width.php","meta":{"footnotes":""},"class_list":["post-1379","page","type-page","status-publish","hentry"],"yoast_head":"<!-- This site is optimized with the Yoast SEO plugin v27.5 - https:\/\/yoast.com\/product\/yoast-seo-wordpress\/ -->\n<title>Le jeu &#8226; L&#039;Odyss\u00e9e, Action Game en Vend\u00e9e<\/title>\n<meta name=\"description\" content=\"D\u00e9fiez-vous par \u00e9quipes de 2 ou 3 participants gr\u00e2ce \u00e0 pr\u00e8s de 50 jeux diff\u00e9rents m\u00ealant physique, r\u00e9flexion et agilit\u00e9.\" \/>\n<meta name=\"robots\" content=\"index, follow, max-snippet:-1, max-image-preview:large, max-video-preview:-1\" \/>\n<link rel=\"canonical\" href=\"https:\/\/www.echappetoisitupeux.com\/odyssee\/jeu\/\" \/>\n<meta property=\"og:locale\" content=\"fr_FR\" \/>\n<meta property=\"og:type\" content=\"article\" \/>\n<meta property=\"og:title\" content=\"Le jeu &#8226; L&#039;Odyss\u00e9e, Action Game en Vend\u00e9e\" \/>\n<meta property=\"og:description\" content=\"D\u00e9fiez-vous par \u00e9quipes de 2 ou 3 participants gr\u00e2ce \u00e0 pr\u00e8s de 50 jeux diff\u00e9rents m\u00ealant physique, r\u00e9flexion et agilit\u00e9.\" \/>\n<meta property=\"og:url\" content=\"https:\/\/www.echappetoisitupeux.com\/odyssee\/jeu\/\" \/>\n<meta property=\"og:site_name\" content=\"L&#039;Odyss\u00e9e, Action Game en Vend\u00e9e\" \/>\n<meta property=\"article:publisher\" content=\"https:\/\/www.facebook.com\/echappetoisitupeuxodyssee\" \/>\n<meta property=\"article:modified_time\" content=\"2023-02-06T19:54:13+00:00\" \/>\n<meta name=\"twitter:card\" content=\"summary_large_image\" \/>\n<meta name=\"twitter:label1\" content=\"Dur\u00e9e de lecture estim\u00e9e\" \/>\n\t<meta name=\"twitter:data1\" content=\"4 minutes\" \/>\n<script type=\"application\/ld+json\" class=\"yoast-schema-graph\">{\"@context\":\"https:\\\/\\\/schema.org\",\"@graph\":[{\"@type\":\"WebPage\",\"@id\":\"https:\\\/\\\/www.echappetoisitupeux.com\\\/odyssee\\\/jeu\\\/\",\"url\":\"https:\\\/\\\/www.echappetoisitupeux.com\\\/odyssee\\\/jeu\\\/\",\"name\":\"Le jeu &#8226; L&#039;Odyss\u00e9e, Action Game en Vend\u00e9e\",\"isPartOf\":{\"@id\":\"https:\\\/\\\/www.echappetoisitupeux.com\\\/odyssee\\\/#website\"},\"datePublished\":\"2021-05-01T12:50:32+00:00\",\"dateModified\":\"2023-02-06T19:54:13+00:00\",\"description\":\"D\u00e9fiez-vous par \u00e9quipes de 2 ou 3 participants gr\u00e2ce \u00e0 pr\u00e8s de 50 jeux diff\u00e9rents m\u00ealant physique, r\u00e9flexion et agilit\u00e9.\",\"breadcrumb\":{\"@id\":\"https:\\\/\\\/www.echappetoisitupeux.com\\\/odyssee\\\/jeu\\\/#breadcrumb\"},\"inLanguage\":\"fr-FR\",\"potentialAction\":[{\"@type\":\"ReadAction\",\"target\":[\"https:\\\/\\\/www.echappetoisitupeux.com\\\/odyssee\\\/jeu\\\/\"]}]},{\"@type\":\"BreadcrumbList\",\"@id\":\"https:\\\/\\\/www.echappetoisitupeux.com\\\/odyssee\\\/jeu\\\/#breadcrumb\",\"itemListElement\":[{\"@type\":\"ListItem\",\"position\":1,\"name\":\"Action Game L'Odyss\u00e9e\",\"item\":\"https:\\\/\\\/www.echappetoisitupeux.com\\\/odyssee\\\/\"},{\"@type\":\"ListItem\",\"position\":2,\"name\":\"Le jeu\"}]},{\"@type\":\"WebSite\",\"@id\":\"https:\\\/\\\/www.echappetoisitupeux.com\\\/odyssee\\\/#website\",\"url\":\"https:\\\/\\\/www.echappetoisitupeux.com\\\/odyssee\\\/\",\"name\":\"L'Odyss\u00e9e, Action Game en Vend\u00e9e\",\"description\":\"Oserez-vous l&#039;aventure ?\",\"publisher\":{\"@id\":\"https:\\\/\\\/www.echappetoisitupeux.com\\\/odyssee\\\/#organization\"},\"potentialAction\":[{\"@type\":\"SearchAction\",\"target\":{\"@type\":\"EntryPoint\",\"urlTemplate\":\"https:\\\/\\\/www.echappetoisitupeux.com\\\/odyssee\\\/?s={search_term_string}\"},\"query-input\":{\"@type\":\"PropertyValueSpecification\",\"valueRequired\":true,\"valueName\":\"search_term_string\"}}],\"inLanguage\":\"fr-FR\"},{\"@type\":\"Organization\",\"@id\":\"https:\\\/\\\/www.echappetoisitupeux.com\\\/odyssee\\\/#organization\",\"name\":\"L'Odyss\u00e9e, Action Game en Vend\u00e9e\",\"url\":\"https:\\\/\\\/www.echappetoisitupeux.com\\\/odyssee\\\/\",\"logo\":{\"@type\":\"ImageObject\",\"inLanguage\":\"fr-FR\",\"@id\":\"https:\\\/\\\/www.echappetoisitupeux.com\\\/odyssee\\\/#\\\/schema\\\/logo\\\/image\\\/\",\"url\":\"https:\\\/\\\/www.echappetoisitupeux.com\\\/odyssee\\\/wp-content\\\/uploads\\\/sites\\\/4\\\/2020\\\/12\\\/logo_odysse_templates_4escape.png\",\"contentUrl\":\"https:\\\/\\\/www.echappetoisitupeux.com\\\/odyssee\\\/wp-content\\\/uploads\\\/sites\\\/4\\\/2020\\\/12\\\/logo_odysse_templates_4escape.png\",\"width\":645,\"height\":645,\"caption\":\"L'Odyss\u00e9e, Action Game en Vend\u00e9e\"},\"image\":{\"@id\":\"https:\\\/\\\/www.echappetoisitupeux.com\\\/odyssee\\\/#\\\/schema\\\/logo\\\/image\\\/\"},\"sameAs\":[\"https:\\\/\\\/www.facebook.com\\\/echappetoisitupeuxodyssee\",\"https:\\\/\\\/www.instagram.com\\\/echappetoisitupeux\\\/\",\"http:\\\/\\\/www.youtube.com\\\/channel\\\/UCmGmzdSBDtftaR0-meEcfmA\",\"https:\\\/\\\/www.tripadvisor.fr\\\/Attraction_Review-g1582585-d7942512-Reviews-Echappe_Toi_Si_Tu_Peux-L_Oie_Vendee_Pays_de_la_Loire.html\"]}]}<\/script>\n<!-- \/ Yoast SEO plugin. -->","yoast_head_json":{"title":"Le jeu &#8226; L&#039;Odyss\u00e9e, Action Game en Vend\u00e9e","description":"D\u00e9fiez-vous par \u00e9quipes de 2 ou 3 participants gr\u00e2ce \u00e0 pr\u00e8s de 50 jeux diff\u00e9rents m\u00ealant physique, r\u00e9flexion et agilit\u00e9.","robots":{"index":"index","follow":"follow","max-snippet":"max-snippet:-1","max-image-preview":"max-image-preview:large","max-video-preview":"max-video-preview:-1"},"canonical":"https:\/\/www.echappetoisitupeux.com\/odyssee\/jeu\/","og_locale":"fr_FR","og_type":"article","og_title":"Le jeu &#8226; L&#039;Odyss\u00e9e, Action Game en Vend\u00e9e","og_description":"D\u00e9fiez-vous par \u00e9quipes de 2 ou 3 participants gr\u00e2ce \u00e0 pr\u00e8s de 50 jeux diff\u00e9rents m\u00ealant physique, r\u00e9flexion et agilit\u00e9.","og_url":"https:\/\/www.echappetoisitupeux.com\/odyssee\/jeu\/","og_site_name":"L&#039;Odyss\u00e9e, Action Game en Vend\u00e9e","article_publisher":"https:\/\/www.facebook.com\/echappetoisitupeuxodyssee","article_modified_time":"2023-02-06T19:54:13+00:00","twitter_card":"summary_large_image","twitter_misc":{"Dur\u00e9e de lecture estim\u00e9e":"4 minutes"},"schema":{"@context":"https:\/\/schema.org","@graph":[{"@type":"WebPage","@id":"https:\/\/www.echappetoisitupeux.com\/odyssee\/jeu\/","url":"https:\/\/www.echappetoisitupeux.com\/odyssee\/jeu\/","name":"Le jeu &#8226; L&#039;Odyss\u00e9e, Action Game en Vend\u00e9e","isPartOf":{"@id":"https:\/\/www.echappetoisitupeux.com\/odyssee\/#website"},"datePublished":"2021-05-01T12:50:32+00:00","dateModified":"2023-02-06T19:54:13+00:00","description":"D\u00e9fiez-vous par \u00e9quipes de 2 ou 3 participants gr\u00e2ce \u00e0 pr\u00e8s de 50 jeux diff\u00e9rents m\u00ealant physique, r\u00e9flexion et agilit\u00e9.","breadcrumb":{"@id":"https:\/\/www.echappetoisitupeux.com\/odyssee\/jeu\/#breadcrumb"},"inLanguage":"fr-FR","potentialAction":[{"@type":"ReadAction","target":["https:\/\/www.echappetoisitupeux.com\/odyssee\/jeu\/"]}]},{"@type":"BreadcrumbList","@id":"https:\/\/www.echappetoisitupeux.com\/odyssee\/jeu\/#breadcrumb","itemListElement":[{"@type":"ListItem","position":1,"name":"Action Game L'Odyss\u00e9e","item":"https:\/\/www.echappetoisitupeux.com\/odyssee\/"},{"@type":"ListItem","position":2,"name":"Le jeu"}]},{"@type":"WebSite","@id":"https:\/\/www.echappetoisitupeux.com\/odyssee\/#website","url":"https:\/\/www.echappetoisitupeux.com\/odyssee\/","name":"L'Odyss\u00e9e, Action Game en Vend\u00e9e","description":"Oserez-vous l&#039;aventure ?","publisher":{"@id":"https:\/\/www.echappetoisitupeux.com\/odyssee\/#organization"},"potentialAction":[{"@type":"SearchAction","target":{"@type":"EntryPoint","urlTemplate":"https:\/\/www.echappetoisitupeux.com\/odyssee\/?s={search_term_string}"},"query-input":{"@type":"PropertyValueSpecification","valueRequired":true,"valueName":"search_term_string"}}],"inLanguage":"fr-FR"},{"@type":"Organization","@id":"https:\/\/www.echappetoisitupeux.com\/odyssee\/#organization","name":"L'Odyss\u00e9e, Action Game en Vend\u00e9e","url":"https:\/\/www.echappetoisitupeux.com\/odyssee\/","logo":{"@type":"ImageObject","inLanguage":"fr-FR","@id":"https:\/\/www.echappetoisitupeux.com\/odyssee\/#\/schema\/logo\/image\/","url":"https:\/\/www.echappetoisitupeux.com\/odyssee\/wp-content\/uploads\/sites\/4\/2020\/12\/logo_odysse_templates_4escape.png","contentUrl":"https:\/\/www.echappetoisitupeux.com\/odyssee\/wp-content\/uploads\/sites\/4\/2020\/12\/logo_odysse_templates_4escape.png","width":645,"height":645,"caption":"L'Odyss\u00e9e, Action Game en Vend\u00e9e"},"image":{"@id":"https:\/\/www.echappetoisitupeux.com\/odyssee\/#\/schema\/logo\/image\/"},"sameAs":["https:\/\/www.facebook.com\/echappetoisitupeuxodyssee","https:\/\/www.instagram.com\/echappetoisitupeux\/","http:\/\/www.youtube.com\/channel\/UCmGmzdSBDtftaR0-meEcfmA","https:\/\/www.tripadvisor.fr\/Attraction_Review-g1582585-d7942512-Reviews-Echappe_Toi_Si_Tu_Peux-L_Oie_Vendee_Pays_de_la_Loire.html"]}]}},"_links":{"self":[{"href":"https:\/\/www.echappetoisitupeux.com\/odyssee\/wp-json\/wp\/v2\/pages\/1379","targetHints":{"allow":["GET"]}}],"collection":[{"href":"https:\/\/www.echappetoisitupeux.com\/odyssee\/wp-json\/wp\/v2\/pages"}],"about":[{"href":"https:\/\/www.echappetoisitupeux.com\/odyssee\/wp-json\/wp\/v2\/types\/page"}],"author":[{"embeddable":true,"href":"https:\/\/www.echappetoisitupeux.com\/odyssee\/wp-json\/wp\/v2\/users\/1"}],"replies":[{"embeddable":true,"href":"https:\/\/www.echappetoisitupeux.com\/odyssee\/wp-json\/wp\/v2\/comments?post=1379"}],"version-history":[{"count":9,"href":"https:\/\/www.echappetoisitupeux.com\/odyssee\/wp-json\/wp\/v2\/pages\/1379\/revisions"}],"predecessor-version":[{"id":1948,"href":"https:\/\/www.echappetoisitupeux.com\/odyssee\/wp-json\/wp\/v2\/pages\/1379\/revisions\/1948"}],"wp:attachment":[{"href":"https:\/\/www.echappetoisitupeux.com\/odyssee\/wp-json\/wp\/v2\/media?parent=1379"}],"curies":[{"name":"wp","href":"https:\/\/api.w.org\/{rel}","templated":true}]}}