{"id":811,"date":"2020-02-12T18:13:56","date_gmt":"2020-02-12T17:13:56","guid":{"rendered":"https:\/\/odyssee.echappetoisitupeux.com\/?page_id=811"},"modified":"2025-11-09T16:57:56","modified_gmt":"2025-11-09T15:57:56","slug":"mentions-legales","status":"publish","type":"page","link":"https:\/\/www.echappetoisitupeux.com\/odyssee\/mentions-legales\/","title":{"rendered":"Mentions l\u00e9gales"},"content":{"rendered":"<p><div class=\"fusion-fullwidth fullwidth-box fusion-builder-row-1 fusion-flex-container has-pattern-background has-mask-background nonhundred-percent-fullwidth non-hundred-percent-height-scrolling breadcrumbs\" style=\"--awb-border-radius-top-left:0px;--awb-border-radius-top-right:0px;--awb-border-radius-bottom-right:0px;--awb-border-radius-bottom-left:0px;--awb-padding-top:5px;--awb-padding-bottom:0px;--awb-margin-top:0px;--awb-margin-bottom:50px;--awb-background-color:#fafafa;--awb-flex-wrap:wrap;\" ><div class=\"fusion-builder-row fusion-row fusion-flex-align-items-flex-start fusion-flex-content-wrap\" style=\"max-width:1248px;margin-left: calc(-4% \/ 2 );margin-right: calc(-4% \/ 2 );\"><div class=\"fusion-layout-column fusion_builder_column fusion-builder-column-0 fusion_builder_column_1_1 1_1 fusion-flex-column\" style=\"--awb-bg-size:cover;--awb-width-large:100%;--awb-margin-top-large:0px;--awb-spacing-right-large:1.92%;--awb-margin-bottom-large:0px;--awb-spacing-left-large:1.92%;--awb-width-medium:100%;--awb-order-medium:0;--awb-spacing-right-medium:1.92%;--awb-spacing-left-medium:1.92%;--awb-width-small:100%;--awb-order-small:0;--awb-spacing-right-small:1.92%;--awb-spacing-left-small:1.92%;\"><div class=\"fusion-column-wrapper fusion-column-has-shadow fusion-flex-justify-content-flex-start fusion-content-layout-column\"><div class=\"fusion-text fusion-text-1\"><span><span><a href=\"https:\/\/www.echappetoisitupeux.com\/odyssee\/\">Action Game L'Odyss\u00e9e<\/a><\/span><\/span>\n<\/div><\/div><\/div><\/div><\/div><div class=\"fusion-fullwidth fullwidth-box fusion-builder-row-2 nonhundred-percent-fullwidth non-hundred-percent-height-scrolling\" style=\"--link_hover_color: #e7c671;--awb-border-radius-top-left:0px;--awb-border-radius-top-right:0px;--awb-border-radius-bottom-right:0px;--awb-border-radius-bottom-left:0px;--awb-flex-wrap:wrap;\" ><div class=\"fusion-builder-row fusion-row\"><div class=\"fusion-layout-column fusion_builder_column fusion-builder-column-1 fusion_builder_column_1_1 1_1 fusion-one-full fusion-column-first fusion-column-last\" style=\"--awb-bg-size:cover;\"><div class=\"fusion-column-wrapper fusion-column-has-shadow fusion-flex-column-wrapper-legacy\"><div class=\"fusion-text fusion-text-2\" style=\"--awb-content-alignment:justify;--awb-text-transform:none;\"><h4><i class=\"fa fa-book\"><\/i> Editeur :<\/h4>\n<p>SABA LOISIRS SAS<br \/>\nRond-point C\u00f4te de Lumi\u00e8re<br \/>\nLa Clerissi\u00e8re<br \/>\n85000 LA ROCHE-SUR-YON<br \/>\nFrance<\/p>\n<h4><i class=\"fa fa-user\"><\/i> Responsables de publication :<\/h4>\n<p>Monsieur le pr\u00e9sident de la soci\u00e9t\u00e9 SABA LOISIRS SAS<\/p>\n<h4><i class=\"fas fa-keyboard\"><\/i> Conception :<\/h4>\n<p><a href=\"https:\/\/www.bodet.org\" target=\"_blank\" rel=\"bodet.org noopener noreferrer\"><img decoding=\"async\" src=\"https:\/\/cdn.bodet.org\/img\/logo_poweredby_bodet_colors.svg\" alt=\"Logo bodet.org\" width=\"200px\" \/><\/a><\/p>\n<h4><i class=\"fa fa-home\"><\/i> H\u00e9bergement :<\/h4>\n<p>OVH<br \/>\n140 Quai du Sartel<br \/>\n59100 ROUBAIX<br \/>\nFrance<\/p>\n<h4><i class=\"fa fa-flask\"><\/i> Propri\u00e9t\u00e9 intellectuelle :<\/h4>\n<p>\u00ab L&rsquo;ODYSS\u00c9E<sup>\u00ae<\/sup> \u00bb et \u00ab \u00c9CHAPPE TOI SI TU PEUX<sup>\u00ae<\/sup> \u00bb sont des marques d\u00e9pos\u00e9es.<br \/>\nLa structure g\u00e9n\u00e9rale, ainsi que les textes, images, graphismes, bases de donn\u00e9es et tout autre \u00e9l\u00e9ment composant le site L&rsquo;ODYSS\u00c9E<sup>\u00ae<\/sup> par \u00c9CHAPPE TOI SI TU PEUX<sup>\u00ae<\/sup> sont la propri\u00e9t\u00e9 exclusive du concepteur (sauf mentions contraires).<br \/>\nL\u2019ensemble de ce site rel\u00e8ve de la l\u00e9gislation fran\u00e7aise et internationale sur les droits d\u2019auteur et de la propri\u00e9t\u00e9 intellectuelle. Les noms, marques et enseignes cit\u00e9s sont la propri\u00e9t\u00e9 de leurs d\u00e9posants respectifs. Toute utilisation ou reproduction, totale ou partielle, du site, des \u00e9l\u00e9ments qui le composent et\/ou des informations qui y figurent, par quelque proc\u00e9d\u00e9 que ce soit, constitue une contrefa\u00e7on sanctionn\u00e9e par le Code de la propri\u00e9t\u00e9 intellectuelle.<br \/>\nLes informations publi\u00e9es sur le site peuvent \u00eatre utilis\u00e9es par des tiers dans les conditions suivantes : finalit\u00e9 exclusivement informative ou p\u00e9dagogique, respect de l\u2019int\u00e9grit\u00e9 des documents reproduits (aucune modification, ni alt\u00e9ration d\u2019aucune sorte), gratuit\u00e9 de la diffusion, indication claire et pr\u00e9cise de la source (www.echappetoisitupeux.com) et de la mention \u00ab Droits R\u00e9serv\u00e9s \u00bb. Toute autre exploitation, sous quelque forme que ce soit, de tout ou partie du site ne peut \u00eatre effectu\u00e9e sans l&rsquo;autorisation pr\u00e9alable, expresse et \u00e9crite du propri\u00e9taire des droits.<\/p>\n<h4><i class=\"fa fa-globe\"><\/i> Cartographie :<\/h4>\n<p>Les informations disponibles sur les cartographie sont fournies \u00e0 titre indicatif. Elles n\u2019ont pas, elles m\u00eame, de valeur juridique particuli\u00e8re et ne sauraient engager en aucun cas la responsabilit\u00e9 de la soci\u00e9t\u00e9 SABA LOISIRS SAS.<\/p>\n<h4><i class=\"fa fa-lock\"><\/i> Donn\u00e9es personnelles :<\/h4>\n<p><strong><em>Politique de confidentialit\u00e9<\/em><\/strong><br \/>\nLes donn\u00e9es personnelles d\u00e9signent les informations qui concernent une personne physique et qui sont communiqu\u00e9es volontairement par cette personne au site \u00e0 travers les rubriques propos\u00e9es.<br \/>\nLe site et la soci\u00e9t\u00e9 SABA LOISIRS SAS ne transmettent, c\u00e8dent ou louent \u00e0 aucun tiers les donn\u00e9es personnelles qui lui sont communiqu\u00e9es.<br \/>\nConform\u00e9ment \u00e0 la loi Informatique et Libert\u00e9s du 06\/01\/1978 modifi\u00e9e, vous disposez d\u2019un droit d\u2019acc\u00e8s, de rectification, de modification et de suppression des donn\u00e9es personnelles vous concernant. Pour exercer ce droit, \u00e9crivez \u00e0 : <a href=\"mailto:odys%73e%65@ech%61ppet%6fi%73itu%70eux%2ecom\">odyssee@echappetoisitupeux.com<\/a> ou \u00e0 : SABA LOISIRS SAS \u2013 Rond-point C\u00f4te de Lumi\u00e8re \u2013 La Clerissi\u00e8re \u2013 85000 LA ROCHE-SUR-YON \u2013 France.<br \/>\n<a id=\"cookies\"><\/a><br \/>\n<strong><em>Cookies<\/em><\/strong><br \/>\nLe site utilise des cookies (t\u00e9moins de connexion) pour permettre essentiellement :<br \/>\n&#8211; d\u2019afficher, lors de votre premi\u00e8re visite, le bandeau signalant la pr\u00e9sence de cookies et la facult\u00e9 que vous avez de les accepter ou de les refuser ; ce bandeau appara\u00eet en bas de page. Pour le voir appara\u00eetre il peut \u00eatre parfois n\u00e9cessaire de vider le cache de votre navigateur,<br \/>\n&#8211; d&rsquo;optimiser vos pr\u00e9f\u00e9rences de consultation et de faciliter votre navigation, pendant une session,<br \/>\n&#8211; d&rsquo;\u00e9tablir des mesures statistiques de fr\u00e9quentation et d&rsquo;utilisation du site avec le prestataire Google Analytics, afin d&rsquo;en am\u00e9liorer l&rsquo;usage, les parcours et les fonctionnalit\u00e9s propos\u00e9s.<\/p>\n<p>L&rsquo;outil de mesure d&rsquo;audience Google Analytics est d\u00e9ploy\u00e9 sur ce site afin d&rsquo;obtenir des informations sur la navigation des visiteurs et d&rsquo;en am\u00e9liorer l&rsquo;usage. Pour en savoir plus sur la gestion des cookies de statistiques de Google Analytics : <a href=\"https:\/\/support.google.com\/analytics\/answer\/6004245?hl=fr\" target=\"_blank\" rel=\"noopener noreferrer\">https:\/\/support.google.com\/analytics\/answer\/6004245?hl=fr<\/a><br \/>\nVous avez la possibilit\u00e9 de d\u00e9sactiver les mesures d\u2019audience vous concernant sur : <a href=\"https:\/\/tools.google.com\/dlpage\/gaoptout\/\" target=\"_blank\" rel=\"noopener noreferrer\">https:\/\/tools.google.com\/dlpage\/gaoptout\/<\/a> .<\/p>\n<p>Il vous est possible de consulter la liste des Cookies utilis\u00e9s par notre site et d&rsquo;en param\u00e9trer facilement vos pr\u00e9f\u00e9rences en <a href=\"#gdpr_cookie_modal\">cliquant ici<\/a>.<\/p>\n<h4><i class=\"fa fa-compress-alt\"><\/i> Sites miroirs :<\/h4>\n<p>Aucune mise en ligne du site www.echappetoisitupeux.com\/odyssee par un tiers, personne physique ou morale, sous une autre URL n\u2019est autoris\u00e9e.<\/p>\n<h4><i class=\"fa fa-gavel\"><\/i> Responsabilit\u00e9s :<\/h4>\n<p>La soci\u00e9t\u00e9 SABA LOISIRS SAS d\u00e9cline toute responsabilit\u00e9 concernant le contenu, les produits et les services disponibles sur les autres sites (ou \u00e0 partir de ces sites) vers lesquels des liens ont \u00e9t\u00e9 cr\u00e9\u00e9s ou qui auraient pu \u00eatre cr\u00e9\u00e9s \u00e0 son insu. La soci\u00e9t\u00e9 SABA LOISIRS SAS d\u00e9cline \u00e9galement toute responsabilit\u00e9 pour toutes les informations contenues sur des sites tiers o\u00f9 figurent des liens renvoyant au site www.echappetoisitupeux.com\/odyssee.<br \/>\nEn aucun cas, la soci\u00e9t\u00e9 SABA LOISIRS SAS ne pourra \u00eatre tenue responsable des dommages directs ou indirects, et notamment du pr\u00e9judice mat\u00e9riel, perte de donn\u00e9es ou de programme, d\u2019un mauvais fonctionnement ou d\u2019une interruption, d\u2019un virus, du pr\u00e9judice financier, r\u00e9sultant de l\u2019acc\u00e8s ou de l\u2019utilisation du site www.echappetoisitupeux.com\/odyssee ou des sites qui lui sont li\u00e9s.<\/p>\n<\/div><div class=\"fusion-clearfix\"><\/div><\/div><\/div><\/div><\/div><\/p>\n","protected":false},"excerpt":{"rendered":"","protected":false},"author":1,"featured_media":0,"parent":0,"menu_order":10,"comment_status":"closed","ping_status":"closed","template":"100-width.php","meta":{"footnotes":""},"class_list":["post-811","page","type-page","status-publish","hentry"],"yoast_head":"<!-- This site is optimized with the Yoast SEO plugin v27.3 - https:\/\/yoast.com\/product\/yoast-seo-wordpress\/ -->\n<title>Mentions l\u00e9gales &#8226; L&#039;Odyss\u00e9e, Action Game en Vend\u00e9e<\/title>\n<meta name=\"description\" content=\"Mentions l\u00e9gales sur la publication, l&#039;utilisation, la protection de votre vie priv\u00e9e ainsi que le param\u00e9trage des cookies.\" \/>\n<meta name=\"robots\" content=\"index, follow, max-snippet:-1, max-image-preview:large, max-video-preview:-1\" \/>\n<link rel=\"canonical\" href=\"https:\/\/www.echappetoisitupeux.com\/odyssee\/mentions-legales\/\" \/>\n<meta property=\"og:locale\" content=\"fr_FR\" \/>\n<meta property=\"og:type\" content=\"article\" \/>\n<meta property=\"og:title\" content=\"Mentions l\u00e9gales &#8226; L&#039;Odyss\u00e9e, Action Game en Vend\u00e9e\" \/>\n<meta property=\"og:description\" content=\"Mentions l\u00e9gales sur la publication, l&#039;utilisation, la protection de votre vie priv\u00e9e ainsi que le param\u00e9trage des cookies.\" \/>\n<meta property=\"og:url\" content=\"https:\/\/www.echappetoisitupeux.com\/odyssee\/mentions-legales\/\" \/>\n<meta property=\"og:site_name\" content=\"L&#039;Odyss\u00e9e, Action Game en Vend\u00e9e\" \/>\n<meta property=\"article:publisher\" content=\"https:\/\/www.facebook.com\/echappetoisitupeuxodyssee\" \/>\n<meta property=\"article:modified_time\" content=\"2025-11-09T15:57:56+00:00\" \/>\n<meta property=\"og:image\" content=\"https:\/\/cdn.bodet.org\/img\/logo_poweredby_bodet_colors.svg\" \/>\n<meta name=\"twitter:card\" content=\"summary_large_image\" \/>\n<meta name=\"twitter:label1\" content=\"Dur\u00e9e de lecture estim\u00e9e\" \/>\n\t<meta name=\"twitter:data1\" content=\"4 minutes\" \/>\n<script type=\"application\/ld+json\" class=\"yoast-schema-graph\">{\"@context\":\"https:\\\/\\\/schema.org\",\"@graph\":[{\"@type\":\"WebPage\",\"@id\":\"https:\\\/\\\/www.echappetoisitupeux.com\\\/odyssee\\\/mentions-legales\\\/\",\"url\":\"https:\\\/\\\/www.echappetoisitupeux.com\\\/odyssee\\\/mentions-legales\\\/\",\"name\":\"Mentions l\u00e9gales &#8226; L&#039;Odyss\u00e9e, Action Game en Vend\u00e9e\",\"isPartOf\":{\"@id\":\"https:\\\/\\\/www.echappetoisitupeux.com\\\/odyssee\\\/#website\"},\"primaryImageOfPage\":{\"@id\":\"https:\\\/\\\/www.echappetoisitupeux.com\\\/odyssee\\\/mentions-legales\\\/#primaryimage\"},\"image\":{\"@id\":\"https:\\\/\\\/www.echappetoisitupeux.com\\\/odyssee\\\/mentions-legales\\\/#primaryimage\"},\"thumbnailUrl\":\"https:\\\/\\\/cdn.bodet.org\\\/img\\\/logo_poweredby_bodet_colors.svg\",\"datePublished\":\"2020-02-12T17:13:56+00:00\",\"dateModified\":\"2025-11-09T15:57:56+00:00\",\"description\":\"Mentions l\u00e9gales sur la publication, l'utilisation, la protection de votre vie priv\u00e9e ainsi que le param\u00e9trage des cookies.\",\"breadcrumb\":{\"@id\":\"https:\\\/\\\/www.echappetoisitupeux.com\\\/odyssee\\\/mentions-legales\\\/#breadcrumb\"},\"inLanguage\":\"fr-FR\",\"potentialAction\":[{\"@type\":\"ReadAction\",\"target\":[\"https:\\\/\\\/www.echappetoisitupeux.com\\\/odyssee\\\/mentions-legales\\\/\"]}]},{\"@type\":\"ImageObject\",\"inLanguage\":\"fr-FR\",\"@id\":\"https:\\\/\\\/www.echappetoisitupeux.com\\\/odyssee\\\/mentions-legales\\\/#primaryimage\",\"url\":\"https:\\\/\\\/cdn.bodet.org\\\/img\\\/logo_poweredby_bodet_colors.svg\",\"contentUrl\":\"https:\\\/\\\/cdn.bodet.org\\\/img\\\/logo_poweredby_bodet_colors.svg\"},{\"@type\":\"BreadcrumbList\",\"@id\":\"https:\\\/\\\/www.echappetoisitupeux.com\\\/odyssee\\\/mentions-legales\\\/#breadcrumb\",\"itemListElement\":[{\"@type\":\"ListItem\",\"position\":1,\"name\":\"Action Game L'Odyss\u00e9e\",\"item\":\"https:\\\/\\\/www.echappetoisitupeux.com\\\/odyssee\\\/\"},{\"@type\":\"ListItem\",\"position\":2,\"name\":\"Mentions l\u00e9gales\"}]},{\"@type\":\"WebSite\",\"@id\":\"https:\\\/\\\/www.echappetoisitupeux.com\\\/odyssee\\\/#website\",\"url\":\"https:\\\/\\\/www.echappetoisitupeux.com\\\/odyssee\\\/\",\"name\":\"L'Odyss\u00e9e, Action Game en Vend\u00e9e\",\"description\":\"Oserez-vous l&#039;aventure ?\",\"publisher\":{\"@id\":\"https:\\\/\\\/www.echappetoisitupeux.com\\\/odyssee\\\/#organization\"},\"potentialAction\":[{\"@type\":\"SearchAction\",\"target\":{\"@type\":\"EntryPoint\",\"urlTemplate\":\"https:\\\/\\\/www.echappetoisitupeux.com\\\/odyssee\\\/?s={search_term_string}\"},\"query-input\":{\"@type\":\"PropertyValueSpecification\",\"valueRequired\":true,\"valueName\":\"search_term_string\"}}],\"inLanguage\":\"fr-FR\"},{\"@type\":\"Organization\",\"@id\":\"https:\\\/\\\/www.echappetoisitupeux.com\\\/odyssee\\\/#organization\",\"name\":\"L'Odyss\u00e9e, Action Game en Vend\u00e9e\",\"url\":\"https:\\\/\\\/www.echappetoisitupeux.com\\\/odyssee\\\/\",\"logo\":{\"@type\":\"ImageObject\",\"inLanguage\":\"fr-FR\",\"@id\":\"https:\\\/\\\/www.echappetoisitupeux.com\\\/odyssee\\\/#\\\/schema\\\/logo\\\/image\\\/\",\"url\":\"https:\\\/\\\/www.echappetoisitupeux.com\\\/odyssee\\\/wp-content\\\/uploads\\\/sites\\\/4\\\/2020\\\/12\\\/logo_odysse_templates_4escape.png\",\"contentUrl\":\"https:\\\/\\\/www.echappetoisitupeux.com\\\/odyssee\\\/wp-content\\\/uploads\\\/sites\\\/4\\\/2020\\\/12\\\/logo_odysse_templates_4escape.png\",\"width\":645,\"height\":645,\"caption\":\"L'Odyss\u00e9e, Action Game en Vend\u00e9e\"},\"image\":{\"@id\":\"https:\\\/\\\/www.echappetoisitupeux.com\\\/odyssee\\\/#\\\/schema\\\/logo\\\/image\\\/\"},\"sameAs\":[\"https:\\\/\\\/www.facebook.com\\\/echappetoisitupeuxodyssee\",\"https:\\\/\\\/www.instagram.com\\\/echappetoisitupeux\\\/\",\"http:\\\/\\\/www.youtube.com\\\/channel\\\/UCmGmzdSBDtftaR0-meEcfmA\",\"https:\\\/\\\/www.tripadvisor.fr\\\/Attraction_Review-g1582585-d7942512-Reviews-Echappe_Toi_Si_Tu_Peux-L_Oie_Vendee_Pays_de_la_Loire.html\"]}]}<\/script>\n<!-- \/ Yoast SEO plugin. -->","yoast_head_json":{"title":"Mentions l\u00e9gales &#8226; L&#039;Odyss\u00e9e, Action Game en Vend\u00e9e","description":"Mentions l\u00e9gales sur la publication, l'utilisation, la protection de votre vie priv\u00e9e ainsi que le param\u00e9trage des cookies.","robots":{"index":"index","follow":"follow","max-snippet":"max-snippet:-1","max-image-preview":"max-image-preview:large","max-video-preview":"max-video-preview:-1"},"canonical":"https:\/\/www.echappetoisitupeux.com\/odyssee\/mentions-legales\/","og_locale":"fr_FR","og_type":"article","og_title":"Mentions l\u00e9gales &#8226; L&#039;Odyss\u00e9e, Action Game en Vend\u00e9e","og_description":"Mentions l\u00e9gales sur la publication, l'utilisation, la protection de votre vie priv\u00e9e ainsi que le param\u00e9trage des cookies.","og_url":"https:\/\/www.echappetoisitupeux.com\/odyssee\/mentions-legales\/","og_site_name":"L&#039;Odyss\u00e9e, Action Game en Vend\u00e9e","article_publisher":"https:\/\/www.facebook.com\/echappetoisitupeuxodyssee","article_modified_time":"2025-11-09T15:57:56+00:00","og_image":[{"url":"https:\/\/cdn.bodet.org\/img\/logo_poweredby_bodet_colors.svg","type":"","width":"","height":""}],"twitter_card":"summary_large_image","twitter_misc":{"Dur\u00e9e de lecture estim\u00e9e":"4 minutes"},"schema":{"@context":"https:\/\/schema.org","@graph":[{"@type":"WebPage","@id":"https:\/\/www.echappetoisitupeux.com\/odyssee\/mentions-legales\/","url":"https:\/\/www.echappetoisitupeux.com\/odyssee\/mentions-legales\/","name":"Mentions l\u00e9gales &#8226; L&#039;Odyss\u00e9e, Action Game en Vend\u00e9e","isPartOf":{"@id":"https:\/\/www.echappetoisitupeux.com\/odyssee\/#website"},"primaryImageOfPage":{"@id":"https:\/\/www.echappetoisitupeux.com\/odyssee\/mentions-legales\/#primaryimage"},"image":{"@id":"https:\/\/www.echappetoisitupeux.com\/odyssee\/mentions-legales\/#primaryimage"},"thumbnailUrl":"https:\/\/cdn.bodet.org\/img\/logo_poweredby_bodet_colors.svg","datePublished":"2020-02-12T17:13:56+00:00","dateModified":"2025-11-09T15:57:56+00:00","description":"Mentions l\u00e9gales sur la publication, l'utilisation, la protection de votre vie priv\u00e9e ainsi que le param\u00e9trage des cookies.","breadcrumb":{"@id":"https:\/\/www.echappetoisitupeux.com\/odyssee\/mentions-legales\/#breadcrumb"},"inLanguage":"fr-FR","potentialAction":[{"@type":"ReadAction","target":["https:\/\/www.echappetoisitupeux.com\/odyssee\/mentions-legales\/"]}]},{"@type":"ImageObject","inLanguage":"fr-FR","@id":"https:\/\/www.echappetoisitupeux.com\/odyssee\/mentions-legales\/#primaryimage","url":"https:\/\/cdn.bodet.org\/img\/logo_poweredby_bodet_colors.svg","contentUrl":"https:\/\/cdn.bodet.org\/img\/logo_poweredby_bodet_colors.svg"},{"@type":"BreadcrumbList","@id":"https:\/\/www.echappetoisitupeux.com\/odyssee\/mentions-legales\/#breadcrumb","itemListElement":[{"@type":"ListItem","position":1,"name":"Action Game L'Odyss\u00e9e","item":"https:\/\/www.echappetoisitupeux.com\/odyssee\/"},{"@type":"ListItem","position":2,"name":"Mentions l\u00e9gales"}]},{"@type":"WebSite","@id":"https:\/\/www.echappetoisitupeux.com\/odyssee\/#website","url":"https:\/\/www.echappetoisitupeux.com\/odyssee\/","name":"L'Odyss\u00e9e, Action Game en Vend\u00e9e","description":"Oserez-vous l&#039;aventure ?","publisher":{"@id":"https:\/\/www.echappetoisitupeux.com\/odyssee\/#organization"},"potentialAction":[{"@type":"SearchAction","target":{"@type":"EntryPoint","urlTemplate":"https:\/\/www.echappetoisitupeux.com\/odyssee\/?s={search_term_string}"},"query-input":{"@type":"PropertyValueSpecification","valueRequired":true,"valueName":"search_term_string"}}],"inLanguage":"fr-FR"},{"@type":"Organization","@id":"https:\/\/www.echappetoisitupeux.com\/odyssee\/#organization","name":"L'Odyss\u00e9e, Action Game en Vend\u00e9e","url":"https:\/\/www.echappetoisitupeux.com\/odyssee\/","logo":{"@type":"ImageObject","inLanguage":"fr-FR","@id":"https:\/\/www.echappetoisitupeux.com\/odyssee\/#\/schema\/logo\/image\/","url":"https:\/\/www.echappetoisitupeux.com\/odyssee\/wp-content\/uploads\/sites\/4\/2020\/12\/logo_odysse_templates_4escape.png","contentUrl":"https:\/\/www.echappetoisitupeux.com\/odyssee\/wp-content\/uploads\/sites\/4\/2020\/12\/logo_odysse_templates_4escape.png","width":645,"height":645,"caption":"L'Odyss\u00e9e, Action Game en Vend\u00e9e"},"image":{"@id":"https:\/\/www.echappetoisitupeux.com\/odyssee\/#\/schema\/logo\/image\/"},"sameAs":["https:\/\/www.facebook.com\/echappetoisitupeuxodyssee","https:\/\/www.instagram.com\/echappetoisitupeux\/","http:\/\/www.youtube.com\/channel\/UCmGmzdSBDtftaR0-meEcfmA","https:\/\/www.tripadvisor.fr\/Attraction_Review-g1582585-d7942512-Reviews-Echappe_Toi_Si_Tu_Peux-L_Oie_Vendee_Pays_de_la_Loire.html"]}]}},"_links":{"self":[{"href":"https:\/\/www.echappetoisitupeux.com\/odyssee\/wp-json\/wp\/v2\/pages\/811","targetHints":{"allow":["GET"]}}],"collection":[{"href":"https:\/\/www.echappetoisitupeux.com\/odyssee\/wp-json\/wp\/v2\/pages"}],"about":[{"href":"https:\/\/www.echappetoisitupeux.com\/odyssee\/wp-json\/wp\/v2\/types\/page"}],"author":[{"embeddable":true,"href":"https:\/\/www.echappetoisitupeux.com\/odyssee\/wp-json\/wp\/v2\/users\/1"}],"replies":[{"embeddable":true,"href":"https:\/\/www.echappetoisitupeux.com\/odyssee\/wp-json\/wp\/v2\/comments?post=811"}],"version-history":[{"count":8,"href":"https:\/\/www.echappetoisitupeux.com\/odyssee\/wp-json\/wp\/v2\/pages\/811\/revisions"}],"predecessor-version":[{"id":2137,"href":"https:\/\/www.echappetoisitupeux.com\/odyssee\/wp-json\/wp\/v2\/pages\/811\/revisions\/2137"}],"wp:attachment":[{"href":"https:\/\/www.echappetoisitupeux.com\/odyssee\/wp-json\/wp\/v2\/media?parent=811"}],"curies":[{"name":"wp","href":"https:\/\/api.w.org\/{rel}","templated":true}]}}