{"id":1058,"date":"2023-02-08T10:00:27","date_gmt":"2023-02-08T09:00:27","guid":{"rendered":"https:\/\/loie.echappetoisitupeux.com\/?page_id=1058"},"modified":"2023-02-10T12:02:02","modified_gmt":"2023-02-10T11:02:02","slug":"newsletter","status":"publish","type":"page","link":"https:\/\/www.echappetoisitupeux.com\/quizboxing\/newsletter\/","title":{"rendered":"Newsletter"},"content":{"rendered":"<p><div class=\"fusion-fullwidth fullwidth-box fusion-builder-row-1 fusion-flex-container has-pattern-background has-mask-background nonhundred-percent-fullwidth non-hundred-percent-height-scrolling breadcrumbs\" style=\"--awb-border-radius-top-left:0px;--awb-border-radius-top-right:0px;--awb-border-radius-bottom-right:0px;--awb-border-radius-bottom-left:0px;--awb-padding-top:5px;--awb-padding-bottom:0px;--awb-margin-top:0px;--awb-margin-bottom:50px;--awb-background-color:#fafafa;--awb-flex-wrap:wrap;\" ><div class=\"fusion-builder-row fusion-row fusion-flex-align-items-flex-start fusion-flex-content-wrap\" style=\"max-width:1248px;margin-left: calc(-4% \/ 2 );margin-right: calc(-4% \/ 2 );\"><div class=\"fusion-layout-column fusion_builder_column fusion-builder-column-0 fusion_builder_column_1_1 1_1 fusion-flex-column\" style=\"--awb-bg-size:cover;--awb-width-large:100%;--awb-margin-top-large:0px;--awb-spacing-right-large:1.92%;--awb-margin-bottom-large:0px;--awb-spacing-left-large:1.92%;--awb-width-medium:100%;--awb-order-medium:0;--awb-spacing-right-medium:1.92%;--awb-spacing-left-medium:1.92%;--awb-width-small:100%;--awb-order-small:0;--awb-spacing-right-small:1.92%;--awb-spacing-left-small:1.92%;\"><div class=\"fusion-column-wrapper fusion-column-has-shadow fusion-flex-justify-content-flex-start fusion-content-layout-column\"><div class=\"fusion-text fusion-text-1\"><span><span><a href=\"https:\/\/www.echappetoisitupeux.com\/quizboxing\/\">Quiz Boxing<\/a><\/span><\/span>\n<\/div><\/div><\/div><\/div><\/div><div class=\"fusion-fullwidth fullwidth-box fusion-builder-row-2 fusion-flex-container nonhundred-percent-fullwidth non-hundred-percent-height-scrolling\" style=\"--awb-border-radius-top-left:0px;--awb-border-radius-top-right:0px;--awb-border-radius-bottom-right:0px;--awb-border-radius-bottom-left:0px;--awb-flex-wrap:wrap;\" ><div class=\"fusion-builder-row fusion-row fusion-flex-align-items-flex-start fusion-flex-content-wrap\" style=\"max-width:1248px;margin-left: calc(-4% \/ 2 );margin-right: calc(-4% \/ 2 );\"><div class=\"fusion-layout-column fusion_builder_column fusion-builder-column-1 fusion_builder_column_1_1 1_1 fusion-flex-column\" style=\"--awb-bg-size:cover;--awb-width-large:100%;--awb-margin-top-large:25px;--awb-spacing-right-large:1.92%;--awb-margin-bottom-large:25px;--awb-spacing-left-large:1.92%;--awb-width-medium:100%;--awb-order-medium:0;--awb-spacing-right-medium:1.92%;--awb-spacing-left-medium:1.92%;--awb-width-small:100%;--awb-order-small:0;--awb-spacing-right-small:1.92%;--awb-spacing-left-small:1.92%;\"><div class=\"fusion-column-wrapper fusion-column-has-shadow fusion-flex-justify-content-flex-start fusion-content-layout-column\"><iframe data-w-token=\"6c0fadcf82881360af7c2214d1c90a10\" data-w-type=\"embedded\" frameborder=\"0\" scrolling=\"no\" marginheight=\"0\" marginwidth=\"0\" src=\"https:\/\/x3t39.mjt.lu\/wgt\/x3t39\/ri\/form?c=ee04166c\" width=\"100%\"><\/iframe>\n\n<script type=\"text\/javascript\" src=\"https:\/\/app.mailjet.com\/pas-nc-embedded-v1.js\"><\/script><\/div><\/div><div class=\"fusion-layout-column fusion_builder_column fusion-builder-column-2 fusion_builder_column_1_1 1_1 fusion-flex-column\" style=\"--awb-bg-size:cover;--awb-width-large:100%;--awb-margin-top-large:0px;--awb-spacing-right-large:1.92%;--awb-margin-bottom-large:0px;--awb-spacing-left-large:1.92%;--awb-width-medium:100%;--awb-spacing-right-medium:1.92%;--awb-spacing-left-medium:1.92%;--awb-width-small:100%;--awb-spacing-right-small:1.92%;--awb-spacing-left-small:1.92%;\"><div class=\"fusion-column-wrapper fusion-flex-justify-content-flex-start fusion-content-layout-column\"><div class=\"fusion-text fusion-text-2\"><p style=\"font-size: 11px; text-align: center;\">Conform\u00e9ment \u00e0 la loi Informatique et Libert\u00e9s du 06\/01\/1978 modifi\u00e9e, vous disposez d\u2019un droit d\u2019acc\u00e8s, de rectification, de modification et de suppression des donn\u00e9es personnelles vous concernant. Pour exercer ce droit, \u00e9crivez \u00e0 : <a href=\"mailto:quizboxing@echappetoisitupeux%2eco%6d\">quizboxing@echappetoisitupeux.com<\/a> ou \u00e0 : VEND\u00c9ESCAPE SARL \u2013 Rond-point C\u00f4te de Lumi\u00e8re \u2013 La Clerissi\u00e8re \u2013 85000 LA ROCHE-SUR-YON \u2013 France.<\/p>\n<\/div><\/div><\/div><\/div><\/div><\/p>\n","protected":false},"excerpt":{"rendered":"","protected":false},"author":1,"featured_media":0,"parent":0,"menu_order":14,"comment_status":"closed","ping_status":"closed","template":"100-width.php","meta":{"footnotes":""},"class_list":["post-1058","page","type-page","status-publish","hentry"],"yoast_head":"<!-- This site is optimized with the Yoast SEO plugin v27.3 - https:\/\/yoast.com\/product\/yoast-seo-wordpress\/ -->\n<title>Newsletter &#8226; Quiz Boxing - La Roche-sur-Yon<\/title>\n<meta name=\"description\" content=\"Inscrivez-vous \u00e0 notre newsletter pour rester inform\u00e9 sur les nouveaut\u00e9s et promotions d&#039;\u00c9chappe Toi Si Tu Peux, de l&#039;Odyss\u00e9e et de Quiz Boxing.\" \/>\n<meta name=\"robots\" content=\"index, follow, max-snippet:-1, max-image-preview:large, max-video-preview:-1\" \/>\n<link rel=\"canonical\" href=\"https:\/\/www.echappetoisitupeux.com\/quizboxing\/newsletter\/\" \/>\n<meta property=\"og:locale\" content=\"fr_FR\" \/>\n<meta property=\"og:type\" content=\"article\" \/>\n<meta property=\"og:title\" content=\"Newsletter &#8226; Quiz Boxing - La Roche-sur-Yon\" \/>\n<meta property=\"og:description\" content=\"Inscrivez-vous \u00e0 notre newsletter pour rester inform\u00e9 sur les nouveaut\u00e9s et promotions d&#039;\u00c9chappe Toi Si Tu Peux, de l&#039;Odyss\u00e9e et de Quiz Boxing.\" \/>\n<meta property=\"og:url\" content=\"https:\/\/www.echappetoisitupeux.com\/quizboxing\/newsletter\/\" \/>\n<meta property=\"og:site_name\" content=\"Quiz Boxing - La Roche-sur-Yon\" \/>\n<meta property=\"article:modified_time\" content=\"2023-02-10T11:02:02+00:00\" \/>\n<meta name=\"twitter:card\" content=\"summary_large_image\" \/>\n<meta name=\"twitter:label1\" content=\"Dur\u00e9e de lecture estim\u00e9e\" \/>\n\t<meta name=\"twitter:data1\" content=\"3 minutes\" \/>\n<script type=\"application\/ld+json\" class=\"yoast-schema-graph\">{\"@context\":\"https:\\\/\\\/schema.org\",\"@graph\":[{\"@type\":\"WebPage\",\"@id\":\"https:\\\/\\\/www.echappetoisitupeux.com\\\/quizboxing\\\/newsletter\\\/\",\"url\":\"https:\\\/\\\/www.echappetoisitupeux.com\\\/quizboxing\\\/newsletter\\\/\",\"name\":\"Newsletter &#8226; Quiz Boxing - La Roche-sur-Yon\",\"isPartOf\":{\"@id\":\"https:\\\/\\\/www.echappetoisitupeux.com\\\/quizboxing\\\/#website\"},\"datePublished\":\"2023-02-08T09:00:27+00:00\",\"dateModified\":\"2023-02-10T11:02:02+00:00\",\"description\":\"Inscrivez-vous \u00e0 notre newsletter pour rester inform\u00e9 sur les nouveaut\u00e9s et promotions d'\u00c9chappe Toi Si Tu Peux, de l'Odyss\u00e9e et de Quiz Boxing.\",\"breadcrumb\":{\"@id\":\"https:\\\/\\\/www.echappetoisitupeux.com\\\/quizboxing\\\/newsletter\\\/#breadcrumb\"},\"inLanguage\":\"fr-FR\",\"potentialAction\":[{\"@type\":\"ReadAction\",\"target\":[\"https:\\\/\\\/www.echappetoisitupeux.com\\\/quizboxing\\\/newsletter\\\/\"]}]},{\"@type\":\"BreadcrumbList\",\"@id\":\"https:\\\/\\\/www.echappetoisitupeux.com\\\/quizboxing\\\/newsletter\\\/#breadcrumb\",\"itemListElement\":[{\"@type\":\"ListItem\",\"position\":1,\"name\":\"Quiz Boxing\",\"item\":\"https:\\\/\\\/www.echappetoisitupeux.com\\\/quizboxing\\\/\"},{\"@type\":\"ListItem\",\"position\":2,\"name\":\"Newsletter\"}]},{\"@type\":\"WebSite\",\"@id\":\"https:\\\/\\\/www.echappetoisitupeux.com\\\/quizboxing\\\/#website\",\"url\":\"https:\\\/\\\/www.echappetoisitupeux.com\\\/quizboxing\\\/\",\"name\":\"Quiz Boxing - La Roche-sur-Yon\",\"description\":\"\",\"publisher\":{\"@id\":\"https:\\\/\\\/www.echappetoisitupeux.com\\\/quizboxing\\\/#organization\"},\"potentialAction\":[{\"@type\":\"SearchAction\",\"target\":{\"@type\":\"EntryPoint\",\"urlTemplate\":\"https:\\\/\\\/www.echappetoisitupeux.com\\\/quizboxing\\\/?s={search_term_string}\"},\"query-input\":{\"@type\":\"PropertyValueSpecification\",\"valueRequired\":true,\"valueName\":\"search_term_string\"}}],\"inLanguage\":\"fr-FR\"},{\"@type\":\"Organization\",\"@id\":\"https:\\\/\\\/www.echappetoisitupeux.com\\\/quizboxing\\\/#organization\",\"name\":\"Quiz Boxing - La Roche-sur-Yon\",\"url\":\"https:\\\/\\\/www.echappetoisitupeux.com\\\/quizboxing\\\/\",\"logo\":{\"@type\":\"ImageObject\",\"inLanguage\":\"fr-FR\",\"@id\":\"https:\\\/\\\/www.echappetoisitupeux.com\\\/quizboxing\\\/#\\\/schema\\\/logo\\\/image\\\/\",\"url\":\"https:\\\/\\\/www.echappetoisitupeux.com\\\/quizboxing\\\/wp-content\\\/uploads\\\/sites\\\/5\\\/2023\\\/02\\\/logo_quiz_boxing_lry_degrade-1.png\",\"contentUrl\":\"https:\\\/\\\/www.echappetoisitupeux.com\\\/quizboxing\\\/wp-content\\\/uploads\\\/sites\\\/5\\\/2023\\\/02\\\/logo_quiz_boxing_lry_degrade-1.png\",\"width\":645,\"height\":645,\"caption\":\"Quiz Boxing - La Roche-sur-Yon\"},\"image\":{\"@id\":\"https:\\\/\\\/www.echappetoisitupeux.com\\\/quizboxing\\\/#\\\/schema\\\/logo\\\/image\\\/\"}}]}<\/script>\n<!-- \/ Yoast SEO plugin. -->","yoast_head_json":{"title":"Newsletter &#8226; Quiz Boxing - La Roche-sur-Yon","description":"Inscrivez-vous \u00e0 notre newsletter pour rester inform\u00e9 sur les nouveaut\u00e9s et promotions d'\u00c9chappe Toi Si Tu Peux, de l'Odyss\u00e9e et de Quiz Boxing.","robots":{"index":"index","follow":"follow","max-snippet":"max-snippet:-1","max-image-preview":"max-image-preview:large","max-video-preview":"max-video-preview:-1"},"canonical":"https:\/\/www.echappetoisitupeux.com\/quizboxing\/newsletter\/","og_locale":"fr_FR","og_type":"article","og_title":"Newsletter &#8226; Quiz Boxing - La Roche-sur-Yon","og_description":"Inscrivez-vous \u00e0 notre newsletter pour rester inform\u00e9 sur les nouveaut\u00e9s et promotions d'\u00c9chappe Toi Si Tu Peux, de l'Odyss\u00e9e et de Quiz Boxing.","og_url":"https:\/\/www.echappetoisitupeux.com\/quizboxing\/newsletter\/","og_site_name":"Quiz Boxing - La Roche-sur-Yon","article_modified_time":"2023-02-10T11:02:02+00:00","twitter_card":"summary_large_image","twitter_misc":{"Dur\u00e9e de lecture estim\u00e9e":"3 minutes"},"schema":{"@context":"https:\/\/schema.org","@graph":[{"@type":"WebPage","@id":"https:\/\/www.echappetoisitupeux.com\/quizboxing\/newsletter\/","url":"https:\/\/www.echappetoisitupeux.com\/quizboxing\/newsletter\/","name":"Newsletter &#8226; Quiz Boxing - La Roche-sur-Yon","isPartOf":{"@id":"https:\/\/www.echappetoisitupeux.com\/quizboxing\/#website"},"datePublished":"2023-02-08T09:00:27+00:00","dateModified":"2023-02-10T11:02:02+00:00","description":"Inscrivez-vous \u00e0 notre newsletter pour rester inform\u00e9 sur les nouveaut\u00e9s et promotions d'\u00c9chappe Toi Si Tu Peux, de l'Odyss\u00e9e et de Quiz Boxing.","breadcrumb":{"@id":"https:\/\/www.echappetoisitupeux.com\/quizboxing\/newsletter\/#breadcrumb"},"inLanguage":"fr-FR","potentialAction":[{"@type":"ReadAction","target":["https:\/\/www.echappetoisitupeux.com\/quizboxing\/newsletter\/"]}]},{"@type":"BreadcrumbList","@id":"https:\/\/www.echappetoisitupeux.com\/quizboxing\/newsletter\/#breadcrumb","itemListElement":[{"@type":"ListItem","position":1,"name":"Quiz Boxing","item":"https:\/\/www.echappetoisitupeux.com\/quizboxing\/"},{"@type":"ListItem","position":2,"name":"Newsletter"}]},{"@type":"WebSite","@id":"https:\/\/www.echappetoisitupeux.com\/quizboxing\/#website","url":"https:\/\/www.echappetoisitupeux.com\/quizboxing\/","name":"Quiz Boxing - La Roche-sur-Yon","description":"","publisher":{"@id":"https:\/\/www.echappetoisitupeux.com\/quizboxing\/#organization"},"potentialAction":[{"@type":"SearchAction","target":{"@type":"EntryPoint","urlTemplate":"https:\/\/www.echappetoisitupeux.com\/quizboxing\/?s={search_term_string}"},"query-input":{"@type":"PropertyValueSpecification","valueRequired":true,"valueName":"search_term_string"}}],"inLanguage":"fr-FR"},{"@type":"Organization","@id":"https:\/\/www.echappetoisitupeux.com\/quizboxing\/#organization","name":"Quiz Boxing - La Roche-sur-Yon","url":"https:\/\/www.echappetoisitupeux.com\/quizboxing\/","logo":{"@type":"ImageObject","inLanguage":"fr-FR","@id":"https:\/\/www.echappetoisitupeux.com\/quizboxing\/#\/schema\/logo\/image\/","url":"https:\/\/www.echappetoisitupeux.com\/quizboxing\/wp-content\/uploads\/sites\/5\/2023\/02\/logo_quiz_boxing_lry_degrade-1.png","contentUrl":"https:\/\/www.echappetoisitupeux.com\/quizboxing\/wp-content\/uploads\/sites\/5\/2023\/02\/logo_quiz_boxing_lry_degrade-1.png","width":645,"height":645,"caption":"Quiz Boxing - La Roche-sur-Yon"},"image":{"@id":"https:\/\/www.echappetoisitupeux.com\/quizboxing\/#\/schema\/logo\/image\/"}}]}},"_links":{"self":[{"href":"https:\/\/www.echappetoisitupeux.com\/quizboxing\/wp-json\/wp\/v2\/pages\/1058","targetHints":{"allow":["GET"]}}],"collection":[{"href":"https:\/\/www.echappetoisitupeux.com\/quizboxing\/wp-json\/wp\/v2\/pages"}],"about":[{"href":"https:\/\/www.echappetoisitupeux.com\/quizboxing\/wp-json\/wp\/v2\/types\/page"}],"author":[{"embeddable":true,"href":"https:\/\/www.echappetoisitupeux.com\/quizboxing\/wp-json\/wp\/v2\/users\/1"}],"replies":[{"embeddable":true,"href":"https:\/\/www.echappetoisitupeux.com\/quizboxing\/wp-json\/wp\/v2\/comments?post=1058"}],"version-history":[{"count":2,"href":"https:\/\/www.echappetoisitupeux.com\/quizboxing\/wp-json\/wp\/v2\/pages\/1058\/revisions"}],"predecessor-version":[{"id":5356,"href":"https:\/\/www.echappetoisitupeux.com\/quizboxing\/wp-json\/wp\/v2\/pages\/1058\/revisions\/5356"}],"wp:attachment":[{"href":"https:\/\/www.echappetoisitupeux.com\/quizboxing\/wp-json\/wp\/v2\/media?parent=1058"}],"curies":[{"name":"wp","href":"https:\/\/api.w.org\/{rel}","templated":true}]}}