{"id":985,"date":"2023-02-08T10:00:11","date_gmt":"2023-02-08T09:00:11","guid":{"rendered":"https:\/\/loie.echappetoisitupeux.com\/?page_id=985"},"modified":"2023-02-08T11:24:52","modified_gmt":"2023-02-08T10:24:52","slug":"boutique","status":"publish","type":"page","link":"https:\/\/www.echappetoisitupeux.com\/quizboxing\/boutique\/","title":{"rendered":"Boutique"},"content":{"rendered":"<p><div class=\"fusion-fullwidth fullwidth-box fusion-builder-row-1 fusion-flex-container has-pattern-background has-mask-background nonhundred-percent-fullwidth non-hundred-percent-height-scrolling breadcrumbs\" style=\"--awb-border-radius-top-left:0px;--awb-border-radius-top-right:0px;--awb-border-radius-bottom-right:0px;--awb-border-radius-bottom-left:0px;--awb-padding-top:5px;--awb-padding-bottom:0px;--awb-margin-top:0px;--awb-margin-bottom:50px;--awb-background-color:#fafafa;--awb-flex-wrap:wrap;\" ><div class=\"fusion-builder-row fusion-row fusion-flex-align-items-flex-start fusion-flex-content-wrap\" style=\"max-width:1248px;margin-left: calc(-4% \/ 2 );margin-right: calc(-4% \/ 2 );\"><div class=\"fusion-layout-column fusion_builder_column fusion-builder-column-0 fusion_builder_column_1_1 1_1 fusion-flex-column\" style=\"--awb-bg-size:cover;--awb-width-large:100%;--awb-margin-top-large:0px;--awb-spacing-right-large:1.92%;--awb-margin-bottom-large:0px;--awb-spacing-left-large:1.92%;--awb-width-medium:100%;--awb-order-medium:0;--awb-spacing-right-medium:1.92%;--awb-spacing-left-medium:1.92%;--awb-width-small:100%;--awb-order-small:0;--awb-spacing-right-small:1.92%;--awb-spacing-left-small:1.92%;\"><div class=\"fusion-column-wrapper fusion-column-has-shadow fusion-flex-justify-content-flex-start fusion-content-layout-column\"><div class=\"fusion-text fusion-text-1\"><span><span><a href=\"https:\/\/www.echappetoisitupeux.com\/quizboxing\/\">Quiz Boxing<\/a><\/span><\/span>\n<\/div><\/div><\/div><\/div><\/div><div class=\"fusion-fullwidth fullwidth-box fusion-builder-row-2 fusion-flex-container nonhundred-percent-fullwidth non-hundred-percent-height-scrolling\" style=\"--awb-border-radius-top-left:0px;--awb-border-radius-top-right:0px;--awb-border-radius-bottom-right:0px;--awb-border-radius-bottom-left:0px;--awb-flex-wrap:wrap;\" ><div class=\"fusion-builder-row fusion-row fusion-flex-align-items-flex-start fusion-flex-content-wrap\" style=\"max-width:1248px;margin-left: calc(-4% \/ 2 );margin-right: calc(-4% \/ 2 );\"><div class=\"fusion-layout-column fusion_builder_column fusion-builder-column-1 fusion_builder_column_1_1 1_1 fusion-flex-column\" style=\"--awb-bg-size:cover;--awb-width-large:100%;--awb-margin-top-large:0px;--awb-spacing-right-large:1.92%;--awb-margin-bottom-large:0px;--awb-spacing-left-large:1.92%;--awb-width-medium:100%;--awb-spacing-right-medium:1.92%;--awb-spacing-left-medium:1.92%;--awb-width-small:100%;--awb-spacing-right-small:1.92%;--awb-spacing-left-small:1.92%;\"><div class=\"fusion-column-wrapper fusion-flex-justify-content-flex-start fusion-content-layout-column\"><div class=\"fusion-text fusion-text-2\"><p>Bienvenue sur la boutique QUIZ BOXING &#8211; LA ROCHE-SUR-YON, d\u00e9couvrez nos bons cadeaux pour un \u00e9v\u00e9nement particulier (anniversaire, EVG, EVJF, cadeaux d\u2019entreprise, No\u00ebl &#8230;) ou tout simplement pour faire plaisir !<\/p>\n<\/div><div class=\"forescape\" data-subdomain=\"echappetoisitupeux-larochesuryon\" data-type=\"shop\" data-language=\"fr\" data-products=\"63dbe647268a508242f0e6ce\"><\/div><script>!function(e,t){var r=e.createElement(t),a=e.getElementsByTagName(t)[0],n=new Date,s=\"\"+n.getFullYear()+(\"0\"+(n.getMonth()+1)).slice(-2)+(\"0\"+n.getDate()).slice(-2);r.defer=1,r.src=\"https:\/\/echappetoisitupeux-larochesuryon.4escape.io\/public\/js\/iframe.min.js?v=\"+s,a.parentNode.insertBefore(r,a)}(document,\"script\");<\/script><\/div><\/div><\/div><\/div><\/p>\n","protected":false},"excerpt":{"rendered":"","protected":false},"author":1,"featured_media":0,"parent":0,"menu_order":8,"comment_status":"closed","ping_status":"closed","template":"100-width.php","meta":{"footnotes":""},"class_list":["post-985","page","type-page","status-publish","hentry"],"yoast_head":"<!-- This site is optimized with the Yoast SEO plugin v27.3 - https:\/\/yoast.com\/product\/yoast-seo-wordpress\/ -->\n<title>Boutique &#8226; Quiz Boxing - La Roche-sur-Yon<\/title>\n<meta name=\"description\" content=\"Boutique de bons cadeaux pour un \u00e9v\u00e9nement particulier (anniversaire, EVG, EVJF ...) ou tout simplement pour faire plaisir.\" \/>\n<meta name=\"robots\" content=\"index, follow, max-snippet:-1, max-image-preview:large, max-video-preview:-1\" \/>\n<link rel=\"canonical\" href=\"https:\/\/www.echappetoisitupeux.com\/quizboxing\/boutique\/\" \/>\n<meta property=\"og:locale\" content=\"fr_FR\" \/>\n<meta property=\"og:type\" content=\"article\" \/>\n<meta property=\"og:title\" content=\"Boutique &#8226; Quiz Boxing - La Roche-sur-Yon\" \/>\n<meta property=\"og:description\" content=\"Boutique de bons cadeaux pour un \u00e9v\u00e9nement particulier (anniversaire, EVG, EVJF ...) ou tout simplement pour faire plaisir.\" \/>\n<meta property=\"og:url\" content=\"https:\/\/www.echappetoisitupeux.com\/quizboxing\/boutique\/\" \/>\n<meta property=\"og:site_name\" content=\"Quiz Boxing - La Roche-sur-Yon\" \/>\n<meta property=\"article:modified_time\" content=\"2023-02-08T10:24:52+00:00\" \/>\n<meta name=\"twitter:card\" content=\"summary_large_image\" \/>\n<meta name=\"twitter:label1\" content=\"Dur\u00e9e de lecture estim\u00e9e\" \/>\n\t<meta name=\"twitter:data1\" content=\"3 minutes\" \/>\n<script type=\"application\/ld+json\" class=\"yoast-schema-graph\">{\"@context\":\"https:\\\/\\\/schema.org\",\"@graph\":[{\"@type\":\"WebPage\",\"@id\":\"https:\\\/\\\/www.echappetoisitupeux.com\\\/quizboxing\\\/boutique\\\/\",\"url\":\"https:\\\/\\\/www.echappetoisitupeux.com\\\/quizboxing\\\/boutique\\\/\",\"name\":\"Boutique &#8226; Quiz Boxing - La Roche-sur-Yon\",\"isPartOf\":{\"@id\":\"https:\\\/\\\/www.echappetoisitupeux.com\\\/quizboxing\\\/#website\"},\"datePublished\":\"2023-02-08T09:00:11+00:00\",\"dateModified\":\"2023-02-08T10:24:52+00:00\",\"description\":\"Boutique de bons cadeaux pour un \u00e9v\u00e9nement particulier (anniversaire, EVG, EVJF ...) ou tout simplement pour faire plaisir.\",\"breadcrumb\":{\"@id\":\"https:\\\/\\\/www.echappetoisitupeux.com\\\/quizboxing\\\/boutique\\\/#breadcrumb\"},\"inLanguage\":\"fr-FR\",\"potentialAction\":[{\"@type\":\"ReadAction\",\"target\":[\"https:\\\/\\\/www.echappetoisitupeux.com\\\/quizboxing\\\/boutique\\\/\"]}]},{\"@type\":\"BreadcrumbList\",\"@id\":\"https:\\\/\\\/www.echappetoisitupeux.com\\\/quizboxing\\\/boutique\\\/#breadcrumb\",\"itemListElement\":[{\"@type\":\"ListItem\",\"position\":1,\"name\":\"Quiz Boxing\",\"item\":\"https:\\\/\\\/www.echappetoisitupeux.com\\\/quizboxing\\\/\"},{\"@type\":\"ListItem\",\"position\":2,\"name\":\"Boutique\"}]},{\"@type\":\"WebSite\",\"@id\":\"https:\\\/\\\/www.echappetoisitupeux.com\\\/quizboxing\\\/#website\",\"url\":\"https:\\\/\\\/www.echappetoisitupeux.com\\\/quizboxing\\\/\",\"name\":\"Quiz Boxing - La Roche-sur-Yon\",\"description\":\"\",\"publisher\":{\"@id\":\"https:\\\/\\\/www.echappetoisitupeux.com\\\/quizboxing\\\/#organization\"},\"potentialAction\":[{\"@type\":\"SearchAction\",\"target\":{\"@type\":\"EntryPoint\",\"urlTemplate\":\"https:\\\/\\\/www.echappetoisitupeux.com\\\/quizboxing\\\/?s={search_term_string}\"},\"query-input\":{\"@type\":\"PropertyValueSpecification\",\"valueRequired\":true,\"valueName\":\"search_term_string\"}}],\"inLanguage\":\"fr-FR\"},{\"@type\":\"Organization\",\"@id\":\"https:\\\/\\\/www.echappetoisitupeux.com\\\/quizboxing\\\/#organization\",\"name\":\"Quiz Boxing - La Roche-sur-Yon\",\"url\":\"https:\\\/\\\/www.echappetoisitupeux.com\\\/quizboxing\\\/\",\"logo\":{\"@type\":\"ImageObject\",\"inLanguage\":\"fr-FR\",\"@id\":\"https:\\\/\\\/www.echappetoisitupeux.com\\\/quizboxing\\\/#\\\/schema\\\/logo\\\/image\\\/\",\"url\":\"https:\\\/\\\/www.echappetoisitupeux.com\\\/quizboxing\\\/wp-content\\\/uploads\\\/sites\\\/5\\\/2023\\\/02\\\/logo_quiz_boxing_lry_degrade-1.png\",\"contentUrl\":\"https:\\\/\\\/www.echappetoisitupeux.com\\\/quizboxing\\\/wp-content\\\/uploads\\\/sites\\\/5\\\/2023\\\/02\\\/logo_quiz_boxing_lry_degrade-1.png\",\"width\":645,\"height\":645,\"caption\":\"Quiz Boxing - La Roche-sur-Yon\"},\"image\":{\"@id\":\"https:\\\/\\\/www.echappetoisitupeux.com\\\/quizboxing\\\/#\\\/schema\\\/logo\\\/image\\\/\"}}]}<\/script>\n<!-- \/ Yoast SEO plugin. -->","yoast_head_json":{"title":"Boutique &#8226; Quiz Boxing - La Roche-sur-Yon","description":"Boutique de bons cadeaux pour un \u00e9v\u00e9nement particulier (anniversaire, EVG, EVJF ...) ou tout simplement pour faire plaisir.","robots":{"index":"index","follow":"follow","max-snippet":"max-snippet:-1","max-image-preview":"max-image-preview:large","max-video-preview":"max-video-preview:-1"},"canonical":"https:\/\/www.echappetoisitupeux.com\/quizboxing\/boutique\/","og_locale":"fr_FR","og_type":"article","og_title":"Boutique &#8226; Quiz Boxing - La Roche-sur-Yon","og_description":"Boutique de bons cadeaux pour un \u00e9v\u00e9nement particulier (anniversaire, EVG, EVJF ...) ou tout simplement pour faire plaisir.","og_url":"https:\/\/www.echappetoisitupeux.com\/quizboxing\/boutique\/","og_site_name":"Quiz Boxing - La Roche-sur-Yon","article_modified_time":"2023-02-08T10:24:52+00:00","twitter_card":"summary_large_image","twitter_misc":{"Dur\u00e9e de lecture estim\u00e9e":"3 minutes"},"schema":{"@context":"https:\/\/schema.org","@graph":[{"@type":"WebPage","@id":"https:\/\/www.echappetoisitupeux.com\/quizboxing\/boutique\/","url":"https:\/\/www.echappetoisitupeux.com\/quizboxing\/boutique\/","name":"Boutique &#8226; Quiz Boxing - La Roche-sur-Yon","isPartOf":{"@id":"https:\/\/www.echappetoisitupeux.com\/quizboxing\/#website"},"datePublished":"2023-02-08T09:00:11+00:00","dateModified":"2023-02-08T10:24:52+00:00","description":"Boutique de bons cadeaux pour un \u00e9v\u00e9nement particulier (anniversaire, EVG, EVJF ...) ou tout simplement pour faire plaisir.","breadcrumb":{"@id":"https:\/\/www.echappetoisitupeux.com\/quizboxing\/boutique\/#breadcrumb"},"inLanguage":"fr-FR","potentialAction":[{"@type":"ReadAction","target":["https:\/\/www.echappetoisitupeux.com\/quizboxing\/boutique\/"]}]},{"@type":"BreadcrumbList","@id":"https:\/\/www.echappetoisitupeux.com\/quizboxing\/boutique\/#breadcrumb","itemListElement":[{"@type":"ListItem","position":1,"name":"Quiz Boxing","item":"https:\/\/www.echappetoisitupeux.com\/quizboxing\/"},{"@type":"ListItem","position":2,"name":"Boutique"}]},{"@type":"WebSite","@id":"https:\/\/www.echappetoisitupeux.com\/quizboxing\/#website","url":"https:\/\/www.echappetoisitupeux.com\/quizboxing\/","name":"Quiz Boxing - La Roche-sur-Yon","description":"","publisher":{"@id":"https:\/\/www.echappetoisitupeux.com\/quizboxing\/#organization"},"potentialAction":[{"@type":"SearchAction","target":{"@type":"EntryPoint","urlTemplate":"https:\/\/www.echappetoisitupeux.com\/quizboxing\/?s={search_term_string}"},"query-input":{"@type":"PropertyValueSpecification","valueRequired":true,"valueName":"search_term_string"}}],"inLanguage":"fr-FR"},{"@type":"Organization","@id":"https:\/\/www.echappetoisitupeux.com\/quizboxing\/#organization","name":"Quiz Boxing - La Roche-sur-Yon","url":"https:\/\/www.echappetoisitupeux.com\/quizboxing\/","logo":{"@type":"ImageObject","inLanguage":"fr-FR","@id":"https:\/\/www.echappetoisitupeux.com\/quizboxing\/#\/schema\/logo\/image\/","url":"https:\/\/www.echappetoisitupeux.com\/quizboxing\/wp-content\/uploads\/sites\/5\/2023\/02\/logo_quiz_boxing_lry_degrade-1.png","contentUrl":"https:\/\/www.echappetoisitupeux.com\/quizboxing\/wp-content\/uploads\/sites\/5\/2023\/02\/logo_quiz_boxing_lry_degrade-1.png","width":645,"height":645,"caption":"Quiz Boxing - La Roche-sur-Yon"},"image":{"@id":"https:\/\/www.echappetoisitupeux.com\/quizboxing\/#\/schema\/logo\/image\/"}}]}},"_links":{"self":[{"href":"https:\/\/www.echappetoisitupeux.com\/quizboxing\/wp-json\/wp\/v2\/pages\/985","targetHints":{"allow":["GET"]}}],"collection":[{"href":"https:\/\/www.echappetoisitupeux.com\/quizboxing\/wp-json\/wp\/v2\/pages"}],"about":[{"href":"https:\/\/www.echappetoisitupeux.com\/quizboxing\/wp-json\/wp\/v2\/types\/page"}],"author":[{"embeddable":true,"href":"https:\/\/www.echappetoisitupeux.com\/quizboxing\/wp-json\/wp\/v2\/users\/1"}],"replies":[{"embeddable":true,"href":"https:\/\/www.echappetoisitupeux.com\/quizboxing\/wp-json\/wp\/v2\/comments?post=985"}],"version-history":[{"count":2,"href":"https:\/\/www.echappetoisitupeux.com\/quizboxing\/wp-json\/wp\/v2\/pages\/985\/revisions"}],"predecessor-version":[{"id":5288,"href":"https:\/\/www.echappetoisitupeux.com\/quizboxing\/wp-json\/wp\/v2\/pages\/985\/revisions\/5288"}],"wp:attachment":[{"href":"https:\/\/www.echappetoisitupeux.com\/quizboxing\/wp-json\/wp\/v2\/media?parent=985"}],"curies":[{"name":"wp","href":"https:\/\/api.w.org\/{rel}","templated":true}]}}